{"id":740,"date":"2012-02-08T00:00:31","date_gmt":"2012-02-08T00:00:31","guid":{"rendered":"http:\/\/www.jle.de\/?page_id=740"},"modified":"2026-03-03T11:15:57","modified_gmt":"2026-03-03T10:15:57","slug":"equipo-1-despacho-mallorca","status":"publish","type":"page","link":"https:\/\/jle.de\/es\/equipo-1-despacho-mallorca\/","title":{"rendered":"DESPACHO"},"content":{"rendered":"<p style=\"text-align: left;\"><strong>el equipo de jle<\/strong> representa un estudio de arquitectura a nivel nacional e internacional interdisciplinar<a href=\"https:\/\/jle.de\/es\/equipo-1-despacho-mallorca\/premios-prensa-articulos\/\"> premiado<\/a>\u00a0por la planificaci\u00f3n y el dise\u00f1o en \u00e1reas urbanas y no urbanas <a href=\"https:\/\/es.wikipedia.org\/wiki\/Mallorca\" target=\"_blank\" rel=\"noopener\">con sede en mallorca<\/a>.<\/p>\n<p style=\"text-align: left;\">fundada en 1999 por Jochen Lendle, el enfoque de nuestras actividades desde entonces ha sido la construcci\u00f3n residencial privada en toda la isla, como propiedades de lujo de alta calidad, residencias, mansiones y casas de campo (fincas), as\u00ed como reformas y restauraciones en el segmento superior. la gama de responsabilidad abarca desde la villa de nueva construcci\u00f3n en primera l\u00ednea de mar hasta la renovaci\u00f3n general de objetos catalogados. nuestro trabajo se publica en revistas de dise\u00f1o y se puede encontrar en los medios de los fabricantes conocidos.<\/p>\n<p style=\"text-align: left;\">nuestro prop\u00f3sito es crear una arquitectura <strong data-start=\"44\" data-end=\"70\">individual y narrativa<\/strong>, marcada por cada lugar, que genere un v\u00ednculo emocional al traducir la historia y los requisitos del promotor en una respuesta espacial. de este modo surgen, tanto de procesos observacionales y anal\u00edticos como de la serendipia, <strong>piezas arquitect\u00f3nicas \u00fanicas<\/strong>, generadoras de sentido, que construyen identidad, crean valor y son reconocibles, en el contexto del <em data-start=\"239\" data-end=\"252\">genius loci<\/em>.<\/p>\n<p style=\"text-align: left;\">adem\u00e1s, estamos especializados en el \u00e1rea de normativa de lugares de reuni\u00f3n. por eso tambi\u00e9n trabajamos como planificadores, desarrolladores y consultores de centros de eventos, hoteles y proyectos culturales.<\/p>\n<p>&nbsp;<\/p>\n<h2>despacho equipo<\/h2>\n<p>&nbsp;<\/p>\n<blockquote><p><a href=\"https:\/\/jle.de\/wp-content\/uploads\/2012\/02\/IMG_3595.jpg\"><img decoding=\"async\" class=\"alignnone wp-image-11923\" src=\"https:\/\/jle.de\/wp-content\/uploads\/2021\/04\/jle-375x550.png\" alt=\"Jochen Lendle\" width=\"150\" height=\"220\" srcset=\"https:\/\/jle.de\/wp-content\/uploads\/2021\/04\/jle-375x550.png 375w, https:\/\/jle.de\/wp-content\/uploads\/2021\/04\/jle-368x540.png 368w, https:\/\/jle.de\/wp-content\/uploads\/2021\/04\/jle.png 400w\" sizes=\"(max-width: 150px) 100vw, 150px\" \/><\/a><\/p><\/blockquote>\n<h3>jochen lendle, ceo, propietario, arquitecto mallorca<\/h3>\n<p>&#x25aa; miembro del col.legi oficial d&#8217;arquitectes d&#8217;illes balears (coaib) en espa\u00f1a desde 2001, n\u00bacoaib 399205<\/p>\n<p>&#x25aa; miembro del col.legi oficial d&#8217;arquitectes d&#8217;illes balears (coaib) en espa\u00f1a como SLP desde 2009, n\u00bacoaib 950821<br \/>\n&#x25aa; miembro del colegio oficial de arquitectos de regi\u00f3n renac\u00eda palatinado (akrp) en alemania desde 1999<br \/>\n&#x25aa; miembro federaci\u00f3n arquitectos alemanes, bdb desde 1994<\/p>\n<p>experiencias en varios despachos de arquitectura en alemania como en saarbr\u00fccken, essen, kaiserslautern, heidelberg, ravensburg y luego en espa\u00f1a como barcelona, portocolom y palma de mallorca<\/p>\n<p>estudios carrera<\/p>\n<p>&#x25aa; fh kaiserslautern, kammgarn<br \/>\n&#x25aa; upc, etsab, escuela t\u00e9cnica superior de arquitectura barcelona<\/p>\n<p>&nbsp;<\/p>\n<h3><img fetchpriority=\"high\" decoding=\"async\" class=\"alignnone wp-image-31037\" src=\"https:\/\/jle.de\/wp-content\/uploads\/2025\/03\/Marta-M-412x550.jpeg\" alt=\"\" width=\"203\" height=\"271\" data-wp-pid=\"31037\" srcset=\"https:\/\/jle.de\/wp-content\/uploads\/2025\/03\/Marta-M-412x550.jpeg 412w, https:\/\/jle.de\/wp-content\/uploads\/2025\/03\/Marta-M-404x540.jpeg 404w, https:\/\/jle.de\/wp-content\/uploads\/2025\/03\/Marta-M.jpeg 479w\" sizes=\"(max-width: 203px) 100vw, 203px\" \/><\/h3>\n<h3>marta mochniak, arquitecta<\/h3>\n<p>&#x25aa; universitdad de siencia y tecnolog\u00eda wroclaw<br \/>\n&#x25aa; universitdad de alicante<br \/>\n&#x25aa; universitdad de las palmas<\/p>\n<p>muchos a\u00f1os de experiencia en varios estudios de arquitectura en espa\u00f1a, palma de mallorca, estudios de arquitectura<\/p>\n<p>&nbsp;<\/p>\n<p><img decoding=\"async\" class=\"alignnone wp-image-28582\" src=\"https:\/\/jle.de\/wp-content\/uploads\/2024\/10\/image-550x550.jpeg\" alt=\"\" width=\"203\" height=\"203\" data-wp-pid=\"28582\" srcset=\"https:\/\/jle.de\/wp-content\/uploads\/2024\/10\/image-550x550.jpeg 550w, https:\/\/jle.de\/wp-content\/uploads\/2024\/10\/image-540x540.jpeg 540w, https:\/\/jle.de\/wp-content\/uploads\/2024\/10\/image.jpeg 735w\" sizes=\"(max-width: 203px) 100vw, 203px\" \/><\/p>\n<h3>carlos paniagua palmero, arquitecto<\/h3>\n<p>&#x25aa; universidad de Las Palmas de Gran Canaria<br \/>\n&#x25aa; universidad de Granada<br \/>\n&#x25aa; universit\u00e1 degli Studi di Brescia<\/p>\n<p>muchos a\u00f1os de experiencia en estudios de arquitectura e ingenier\u00eda de espa\u00f1a e irlanda. experiencia en proyectos BIM, arquitectura modular prefabricada y MMCs.<\/p>\n<p>&nbsp;<\/p>\n<p>&nbsp;<\/p>\n<h3>marta plaga, arquitecta<\/h3>\n<p>&#x25aa; universitdad de siencia pomerania occidental<br \/>\n&#x25aa; universitdad de weimar, bauhaus<\/p>\n<p>muchos a\u00f1os de experiencia en varios estudios de arquitectura en alemania, polonia y chile, palma de mallorca, estudios de arquitectura<\/p>\n<p>&nbsp;<\/p>\n<p>&nbsp;<\/p>\n<h3>eduardo orell s\u00e1nchez, arquitecto t\u00e9cnico, aparejador<\/h3>\n<p>&#x25aa; miembro\u00a0del\u00a0col.legi d&#8217;aparelladors i arquitectes t\u00e9cnics d&#8217;illes balears, coaat<br \/>\n&#x25aa; uib, universidad de arquitectura t\u00e9cnica mallorca, ies<\/p>\n<p>experiencias en gesti\u00f3n, gesa, presupuestos, direcci\u00f3n de obra, control costes, palma de mallorca<\/p>\n<p>&nbsp;<\/p>\n<p>nuestra fuerza es &#8211; todo en la casa y desde una sola fuente &#8211; el establecimiento de una red interdisciplinaria . tenemos &#8211; en funci\u00f3n de la demanda &#8211; y en proyectos a trav\u00e9s de una red local e internacional amplia que consta de m\u00e1s arquitectos t\u00e9cnicos independiente ( aparejador ) , dise\u00f1adores de interiores , ingenieros \u00a0, ingenieros estructurales , top\u00f3grafos , ingenieros fontaner\u00eda, top\u00f3grafos para el clima , calefacci\u00f3n , electricidad , ventilaci\u00f3n , alarmante , red, tecnolog\u00eda fotovoltaica y solar, dise\u00f1ador de iluminaci\u00f3n , los planificadores de iluminaci\u00f3n , los bi\u00f3logos de construcci\u00f3n (baubiologie), as\u00ed como soluciones para todas necesidades econ\u00f3micos para optimizar y garant\u00eda de la sostenibilidad y la creaci\u00f3n de valor .<\/p>\n<p>nuestros servicios son\u00a0&#8220;ir m\u00e1s all\u00e1&#8221; . como nuestros clientes , as\u00ed como los inversores extranjeros por lo general no pueden estar encima de sus proyectos, lo vemos como un desaf\u00edo especial, realizar nuestra actividad como una base importante a trav\u00e9s del control eficaz de los proyectos incluyendo la preparaci\u00f3n del proyecto , as\u00ed como la administracion global del proyecto y liquidaci\u00f3n del proyecto, una oferta de servicio integral, m\u00e1s all\u00e1 de la general, \u00a0las tareas de la arquitectura cl\u00e1sica va.<\/p>\n<p>&nbsp;<\/p>\n<p>HISTORIA<\/p>\n<p>desde 2023<br \/>\nRefuerzo del equipo de arquitectura por el arquitecto Carlos Paniagua Palermo, espa\u00f1ol con experiencia internacional.<\/p>\n<p>desde 2022<br \/>\nRefuerzo del equipo de arquitectura por la arquitecta Marta Plaga, polaca con experiencia internacional.<\/p>\n<p>desde 2020<br \/>\nEl equipo de arquitectos se ha visto reforzado por la arquitecta Marta Mochniak, polaca con experiencia internacional.<\/p>\n<p>desde 2018<br \/>\nrefuerzo del equipo de arquitectos por la arquitecta mark\u00e9ta \u0161l\u00e9zarov\u00e1, checa con experiencia internacional.<\/p>\n<p>desde 2017<br \/>\nRefuerzo del equipo de arquitectos por parte del arquitecto toni clar, malloquin.<\/p>\n<p>desde 2016<br \/>\nrefuerzo del equipo de arquitectos por el delineante miquel toni nicolau, malloquin.<\/p>\n<p>desde 2016<br \/>\nRefuerzo del equipo de arquitectos por el arquitecto t\u00e9cnico eduardo orell s\u00e1nchez, mallorqu\u00edn con experiencia internacional, estudios espa\u00f1oles<\/p>\n<p>desde el 2009<br \/>\ninscripci\u00f3n en el registro mercantil espa\u00f1ol como lendle tellez slp, srl, jle-arquitectos.<\/p>\n<p>desde el 2004<br \/>\nconcepto arquitectonico y asesor de la camara de comercio e industria de cali en colombia para la realizacion del centro de congresos &#8220;centro de eventos de valle del pacifico&#8221;. actualmente tambi\u00e9n para el teatro de la ciudad de cali.<\/p>\n<p>desde 2002<br \/>\ndesarrollos residenciales, culturales, educativos, comerciales e industriales en espa\u00f1a, islas baleares, alemania y colombia<\/p>\n<p>desde el 2001<br \/>\nFundaci\u00f3n de la oficina jochen lendle<br \/>\nArquitecto aut\u00f3nomo en el <a href=\"https:\/\/www.coaib.org\/es.aspx\" target=\"_blank\" rel=\"noopener\">Colegio de Arquitectos de Baleares<\/a> (coaib) con todas las homologaciones y autorizaciones de presentaci\u00f3n en toda Espa\u00f1a<\/p>\n<p>desde 1999<br \/>\nArquitecto independiente en <a href=\"http:\/\/www.diearchitekten.org\/\" target=\"_blank\" rel=\"noopener\">la C\u00e1mara de Arquitectos de Renania-Palatinado<\/a> (akrp) con todas las aprobaciones y autorizaciones de presentaci\u00f3n.<br \/>\nmiembro en la BdB de <a href=\"http:\/\/www.baumeister-online.de\/\" target=\"_blank\" rel=\"noopener\">la federaci\u00f3n de maestros constructores alemanes<\/a><\/p>\n<p>&nbsp;<\/p>\n<p>FILOSOF\u00cdA<\/p>\n<p>comprar una propiedad es relativamente f\u00e1cil; planificarlos, haciendo justicia a los respectivos requisitos, necesidades y sus &#8220;genius loci&#8221;, es el resultado de una fruct\u00edfera cooperaci\u00f3n entre el cliente y sus arquitectos.<br \/>\ncada proyecto de construcci\u00f3n es diferente, cada cliente establece diferentes prioridades. Para hacer justicia a esto de manera integral, cuidamos a nuestros clientes individualmente desde el principio.<\/p>\n","protected":false},"excerpt":{"rendered":"<p>el equipo de jle representa un estudio de arquitectura a nivel nacional e internacional interdisciplinar premiado\u00a0por la planificaci\u00f3n y el dise\u00f1o en \u00e1reas urbanas y no urbanas con sede en mallorca. fundada en 1999 por Jochen Lendle, el enfoque de nuestras actividades desde entonces ha sido la construcci\u00f3n residencial privada en toda la isla, como [&hellip;]<\/p>\n","protected":false},"author":3,"featured_media":15445,"parent":0,"menu_order":2,"comment_status":"closed","ping_status":"closed","template":"","meta":{"footnotes":""},"class_list":["post-740","page","type-page","status-publish","has-post-thumbnail","hentry"],"_links":{"self":[{"href":"https:\/\/jle.de\/es\/wp-json\/wp\/v2\/pages\/740","targetHints":{"allow":["GET"]}}],"collection":[{"href":"https:\/\/jle.de\/es\/wp-json\/wp\/v2\/pages"}],"about":[{"href":"https:\/\/jle.de\/es\/wp-json\/wp\/v2\/types\/page"}],"author":[{"embeddable":true,"href":"https:\/\/jle.de\/es\/wp-json\/wp\/v2\/users\/3"}],"replies":[{"embeddable":true,"href":"https:\/\/jle.de\/es\/wp-json\/wp\/v2\/comments?post=740"}],"version-history":[{"count":23,"href":"https:\/\/jle.de\/es\/wp-json\/wp\/v2\/pages\/740\/revisions"}],"predecessor-version":[{"id":34731,"href":"https:\/\/jle.de\/es\/wp-json\/wp\/v2\/pages\/740\/revisions\/34731"}],"wp:featuredmedia":[{"embeddable":true,"href":"https:\/\/jle.de\/es\/wp-json\/wp\/v2\/media\/15445"}],"wp:attachment":[{"href":"https:\/\/jle.de\/es\/wp-json\/wp\/v2\/media?parent=740"}],"curies":[{"name":"wp","href":"https:\/\/api.w.org\/{rel}","templated":true}]}}