{"id":731,"date":"2012-02-07T23:57:01","date_gmt":"2012-02-07T23:57:01","guid":{"rendered":"http:\/\/www.jle.de\/?page_id=731"},"modified":"2026-03-06T08:54:50","modified_gmt":"2026-03-06T07:54:50","slug":"servicios-arquitectonicos","status":"publish","type":"page","link":"https:\/\/jle.de\/es\/equipo-1-despacho-mallorca\/servicios-arquitectonicos\/","title":{"rendered":"SERVICIOS"},"content":{"rendered":"<h1><strong>servicios arquitect\u00f3nicos<\/strong><\/h1>\n<p>&nbsp;<\/p>\n<p><strong>jle es un estudio de arquitectura con sede en mallorca que opera a nivel nacional e internacional en los \u00e1mbitos de la planificaci\u00f3n, el dise\u00f1o y la ejecuci\u00f3n de proyectos urbanos y no urbanos.<\/strong><\/p>\n<p>jle es un estudio de arquitectura <a href=\"https:\/\/www.linkedin.com\/feed\/update\/urn:li:activity:6983547464989437952\/\" target=\"_blank\" rel=\"noopener\"><b>galardonado con numerosos premios<\/b> <\/a>y <a href=\"https:\/\/jle.de\/es\/equipo-1-despacho-mallorca\/premios-prensa-articulos\/\"><b>numerosas publicaciones<\/b><\/a> en revistas especializadas, y ha sido escenario de rodaje de pel\u00edculas de hollywood, entre otras.<\/p>\n<p><b>Desde 1999<\/b>, nos hemos centrado en la construcci\u00f3n de viviendas privadas, como inmuebles de lujo de alta calidad y residencias est\u00e1ndar, casas se\u00f1oriales y casas de campo (fincas), edificios nuevos, as\u00ed como renovaciones y restauraciones, tambi\u00e9n de edificios protegidos.<\/p>\n<p>nuestro prop\u00f3sito es crear una arquitectura <strong data-start=\"44\" data-end=\"70\">individual y narrativa<\/strong>, marcada por cada lugar, que genere un v\u00ednculo emocional al traducir la historia y los requisitos del promotor en una respuesta espacial. as\u00ed surgen <strong data-start=\"220\" data-end=\"253\">piezas arquitect\u00f3nicas \u00fanicas<\/strong>, dotadas de sentido, capaces de construir identidad, generar valor y ser reconocibles, en el contexto del <em data-start=\"360\" data-end=\"373\">genius loci<\/em>.<\/p>\n<p>Adem\u00e1s, estamos especializados en el \u00e1mbito de la normativa sobre recintos para reuniones. Por ello, tambi\u00e9n trabajamos como planificadores, desarrolladores y asesores para centros de eventos, hoteles y proyectos culturales.<\/p>\n<p>Nuestro trabajo abarca la planificaci\u00f3n, ejecuci\u00f3n y supervisi\u00f3n completas de la arquitectura de edificios, el dise\u00f1o de interiores, la planificaci\u00f3n paisaj\u00edstica y el dise\u00f1o de la planificaci\u00f3n urbana. Somos responsables de la ejecuci\u00f3n t\u00e9cnica completa y tambi\u00e9n nos encargamos del control de costes y de los aspectos legales.<\/p>\n<p>Elaboramos informes y an\u00e1lisis t\u00e9cnicos y especializados, estudios de viabilidad y ofrecemos servicios de consultor\u00eda.<\/p>\n<p>Como arquitectos registrados y autorizados en Espa\u00f1a y Alemania, nuestros servicios incluyen no solo todos los servicios de la gama de servicios b\u00e1sicos generales de un arquitecto espa\u00f1ol, sino tambi\u00e9n <b>todos los servicios de arquitectura<\/b> habituales en Alemania y regulados por la HOAI.<\/p>\n<p>Ofrecemos las fases de servicio 6, 7, 8 y 9 de forma compensatoria y complementaria a la gama de servicios espa\u00f1ola, integr\u00e1ndolas. Por supuesto, jle tambi\u00e9n ofrece la gesti\u00f3n completa del proyecto, el control, la direcci\u00f3n del proyecto, el control de costes a trav\u00e9s de planes de pago y certificaciones. Definir con precisi\u00f3n los servicios a contratar, encontrar la empresa adecuada para cada trabajo y, finalmente, controlar la calidad y el cumplimiento del contrato de sus servicios.<\/p>\n<p>Desde la b\u00fasqueda del terreno hasta la entrega de llaves. \u2013 <b>To go the extra mile<\/b> \u2013 Como arquitectos y gestores de proyectos, entendemos nuestro servicio como integral, completo, todo de una sola mano y competente. <b>Una buena arquitectura y rentabilidad no son contradictorias, sino nuestro compromiso profesional.<\/b><\/p>\n<p>Por eso, dependiendo de las necesidades, contamos con una amplia red local e internacional de arquitectos t\u00e9cnicos (aut\u00f3nomos), aparejadores, top\u00f3grafos, agrimensores, ingenieros de climatizaci\u00f3n, electricidad, ventilaci\u00f3n, alarmas, redes, fotovoltaica y solar, dise\u00f1adores y planificadores de iluminaci\u00f3n, bi\u00f3logos de la construcci\u00f3n y, por \u00faltimo, pero no menos importante, economistas de la empresa para optimizar y garantizar la sostenibilidad y la creaci\u00f3n de valor.<\/p>\n<p>Esto incluye, entre otros, servicios como:<\/p>\n<h3><\/h3>\n<h3><strong>Fases generales de prestaci\u00f3n (FAP)<\/strong><\/h3>\n<p>&#8211; Determinaci\u00f3n de las bases (FAP 01)<br \/>\n&#8211; Planificaci\u00f3n previa (FAP 02)<br \/>\n&#8211; Planificaci\u00f3n del proyecto (FAP 03)<br \/>\n&#8211; Planificaci\u00f3n de la autorizaci\u00f3n (FAP 04)<br \/>\n&#8211; Planificaci\u00f3n de la ejecuci\u00f3n (FAP 05)<br \/>\n&#8211; Preparaci\u00f3n de la adjudicaci\u00f3n (FAP 06)<br \/>\n&#8211; Participaci\u00f3n en la adjudicaci\u00f3n (FAP 07)<br \/>\n&#8211; Supervisi\u00f3n de la construcci\u00f3n y del objeto, direcci\u00f3n de obra adicional (fase 08)<br \/>\n&#8211; Asistencia al objeto (fase 09)<\/p>\n<h3><\/h3>\n<h3><strong>Gama general de servicios<\/strong><\/h3>\n<p>&#8211; Planificaci\u00f3n individual y direcci\u00f3n de obra, supervisi\u00f3n de la construcci\u00f3n de viviendas privadas de alto standing,<br \/>\n&#8211; Edificaci\u00f3n comercial, edificaci\u00f3n administrativa, edificaci\u00f3n residencial, etc.<br \/>\n&#8211; Requisitos especiales de la Ordenanza sobre lugares de reuni\u00f3n [VSt\u00e4ttVO]<br \/>\n&#8211; Saneamiento y renovaci\u00f3n<br \/>\n&#8211; Planificaci\u00f3n paisaj\u00edstica, dise\u00f1o de instalaciones exteriores<\/p>\n<h3><\/h3>\n<h3><b>Servicios adicionales y especiales para Espa\u00f1a: Gesti\u00f3n de proyectos \/ Control de proyectos<\/b><\/h3>\n<p>&#8211; Administraci\u00f3n oficial en oficinas de ayuntamiento y municipios<br \/>\n&#8211; C\u00e1lculo de costes, control de costes<br \/>\n&#8211; Licitaciones detalladas, mediciones (Lph 06)<br \/>\n&#8211; Asistencia y asesoramiento en la adjudicaci\u00f3n de obras (Lph 07)<br \/>\n&#8211; supervisi\u00f3n de la construcci\u00f3n y del objeto, paralelamente a la direcci\u00f3n legal de obra de un aparejador (arquitecto t\u00e9cnico) (lph 08)<br \/>\n&#8211; gesti\u00f3n de calidad, coordinaci\u00f3n, controlling,<br \/>\n&#8211; contratos, gesti\u00f3n de defectos<br \/>\n&#8211; control de proyectos, controlling de proyectos<br \/>\n&#8211; control de costes de construcci\u00f3n, revisi\u00f3n de facturas, liberaci\u00f3n de pagos<br \/>\n&#8211; elaboraci\u00f3n y actualizaci\u00f3n de planes de pago<br \/>\n&#8211; Coordinaci\u00f3n, documentaci\u00f3n del progreso de la construcci\u00f3n, Jour Fixe, supervisi\u00f3n continua de la construcci\u00f3n de todos los implicados en la construcci\u00f3n<br \/>\n&#8211; Dise\u00f1o urban\u00edstico del espacio urbano<br \/>\n&#8211; Creaci\u00f3n de visualizaciones en 3D, renderizados, BIMx, Virtual Building Explorer<\/p>\n<h3><\/h3>\n<h3><strong>Interiorismo<\/strong><\/h3>\n<p>&#8211; Dise\u00f1o del interiorismo<br \/>\n&#8211; Planificaci\u00f3n de elementos fijos del interiorismo, equipamiento<br \/>\n&#8211; Planificaci\u00f3n de la iluminaci\u00f3n<br \/>\n&#8211; dise\u00f1o y asesoramiento de colores y materiales<\/p>\n<h3><\/h3>\n<h3><strong>dise\u00f1o de productos<\/strong><\/h3>\n<p>&#8211; mobiliario urbano,<br \/>\n&#8211; dise\u00f1o de muebles, interiorismo<br \/>\n&#8211; equipamiento para proyectos p\u00fablicos y privados<\/p>\n<h3><\/h3>\n<h3><strong>tareas de asesoramiento \/ consultor\u00eda<\/strong><\/h3>\n<p>&#8211; elaboraci\u00f3n de estudios de viabilidad<br \/>\n&#8211; gesti\u00f3n de proyectos, gesti\u00f3n de instalaciones<br \/>\n&#8211; an\u00e1lisis de inventario<br \/>\n&#8211; control de proyectos<br \/>\n&#8211; valoraci\u00f3n de inmuebles<br \/>\n&#8211; asesoramiento de compra \/ asesoramiento de venta<br \/>\n&#8211; peritajes \/ informes de inspecci\u00f3n<br \/>\n&#8211; <a href=\"https:\/\/www.endesa.com\/es\/blog\/blog-de-endesa\/climatizacion\/certificado-eficiencia-energetica-vivienda\" target=\"_blank\" rel=\"noopener\">certificado de eficiencia energ\u00e9tica (certificado enger\u00e9tico)<\/a><\/p>\n<h3><\/h3>\n<h3><strong>organizaciones \/ instituciones \/ asociaciones:<\/strong><\/h3>\n<p><a href=\"https:\/\/www.coaib.org\/es.aspx\" target=\"_blank\" rel=\"noopener\">&#8211; miembro del Col.legi Oficial d\u00b4Arquitectes d\u00b4Illes Balears (colegio de arquitectos de las Islas Baleares),<b> COAIB,<\/b><\/a>desde 2001<\/p>\n<p><a href=\"http:\/\/www.diearchitekten.org\/\" target=\"_blank\" rel=\"noopener\">&#8211; Miembro del Colegio de Arquitectos de Renania-Palatinado, <b>AKRP,<\/b><\/a> desde 1999<\/p>\n<p><a href=\"http:\/\/www.baumeister-online.de\/\" target=\"_blank\" rel=\"noopener\">&#8211; Miembro de la Asociaci\u00f3n Federal de Constructores Alemanes, <b>BDB,<\/b><\/a> desde 1994<\/p>\n<p>&nbsp;<\/p>\n<p>&nbsp;<\/p>\n<p>&nbsp;<\/p>\n<p><img decoding=\"async\" class=\"alignnone wp-image-33838\" src=\"https:\/\/jle.de\/wp-content\/uploads\/2025\/12\/Logo-Building-of-the-Year-2024-Nominee-24_blue-315x550.png\" alt=\"qualit\u00e4t quality calidad\" width=\"90\" height=\"157\" data-wp-pid=\"33838\" srcset=\"https:\/\/jle.de\/wp-content\/uploads\/2025\/12\/Logo-Building-of-the-Year-2024-Nominee-24_blue-315x550.png 315w, https:\/\/jle.de\/wp-content\/uploads\/2025\/12\/Logo-Building-of-the-Year-2024-Nominee-24_blue-879x1536.png 879w, https:\/\/jle.de\/wp-content\/uploads\/2025\/12\/Logo-Building-of-the-Year-2024-Nominee-24_blue-1172x2048.png 1172w, https:\/\/jle.de\/wp-content\/uploads\/2025\/12\/Logo-Building-of-the-Year-2024-Nominee-24_blue-309x540.png 309w, https:\/\/jle.de\/wp-content\/uploads\/2025\/12\/Logo-Building-of-the-Year-2024-Nominee-24_blue-687x1200.png 687w, https:\/\/jle.de\/wp-content\/uploads\/2025\/12\/Logo-Building-of-the-Year-2024-Nominee-24_blue.png 1374w\" sizes=\"(max-width: 90px) 100vw, 90px\" \/>\u00a0 \u00a0 \u00a0<img decoding=\"async\" class=\"alignnone wp-image-34458\" src=\"https:\/\/jle.de\/wp-content\/uploads\/2026\/02\/logoFondoBlanco-600x193.png\" alt=\"coaib architektenkammer balearen architektenleistungen servicios arquitect\u00f3nicos architectural services\" width=\"242\" height=\"78\" data-wp-pid=\"34458\" srcset=\"https:\/\/jle.de\/wp-content\/uploads\/2026\/02\/logoFondoBlanco-600x193.png 600w, https:\/\/jle.de\/wp-content\/uploads\/2026\/02\/logoFondoBlanco-1536x494.png 1536w, https:\/\/jle.de\/wp-content\/uploads\/2026\/02\/logoFondoBlanco-640x206.png 640w, https:\/\/jle.de\/wp-content\/uploads\/2026\/02\/logoFondoBlanco-768x247.png 768w, https:\/\/jle.de\/wp-content\/uploads\/2026\/02\/logoFondoBlanco-1220x392.png 1220w, https:\/\/jle.de\/wp-content\/uploads\/2026\/02\/logoFondoBlanco.png 2003w\" sizes=\"(max-width: 242px) 100vw, 242px\" \/><\/p>\n<p>&nbsp;<\/p>\n<h2 style=\"text-align: justify;\">WORK HISTORY \u00a0(SELECCI\u00d3N REPRESENTATIVA)<\/h2>\n<p>&nbsp;<\/p>\n<div style=\"text-align: justify;\">\n<p><a href=\"https:\/\/jle.de\/es\/2308-reserva-natural-vivienda-singular-bonaire-alcudia\/\">2308 individual planning, design customer residence single family, bon aire alcudia, majorca<\/a><\/p>\n<p><a href=\"https:\/\/jle.de\/es\/2307-vivienda-residencial-nadando-en-las-copas\/\">2307 individual planning, design customer residence single family, bon aire alcudia, majorca<\/a><\/p>\n<p>2212 individual planning, design customer residencial single\u00a0house -finca-, art\u00e1, majorca<\/p>\n<p><a href=\"https:\/\/jle.de\/2211-colonia-del-silencio\/\">2211 individual planning, refurbishment\u00a0of an existing single\u00a0house, front line colonia del silencio porto petro, majorca<\/a><\/p>\n<p>2210 individual planning, design customer residencial single\u00a0house -finca-, ses salines, majorca<\/p>\n<p><a href=\"https:\/\/jle.de\/cala-gat-ratjada-mallorca-neubau-jle-architekten-2209\/\">2209 individual planning, design customer residencial single\u00a0house, cala gat cala ratjada capdepera, majorca<\/a><\/p>\n<p><a href=\"https:\/\/jle.de\/en\/2106\/\">2106 individual planning, design customer residencial single\u00a0house, bon aire alcudia, majorca<\/a><\/p>\n<p><a href=\"https:\/\/jle.de\/es\/madera-clt-1-arquitectura-sostenible-en-mallorca\/\">2104 individual planning, design customer residencial single\u00a0house, sa cabaneta, majorca<\/a><\/p>\n<p><a href=\"https:\/\/jle.de\/es\/1992-vivienda-unifamiliar-bonaire-alcudia-mallorca\/\">1992 individual planning, design customer residencial single\u00a0house, bon aire alcudia, majorca<\/a><\/p>\n<p><a href=\"https:\/\/jle.de\/en\/1923-new-property-single-house-majorca\/\">1923 individual planning, design customer residencial single\u00a0house, front line cala pi, majorca<\/a><\/p>\n<p><a href=\"https:\/\/jle.de\/en\/1906-new-anthroposophic-property-single-customer-majorca\/\">1906 individual planning, design customer residencial single\u00a0house, sol de mallorca, majorca<\/a><\/p>\n<p>1822 individual planning, design customer residencial single\u00a0house, bon aire alcudia, majorca<\/p>\n<p>1818 individual planning, new design of a custumer residencial finca\u00a0country house, llucmajor<span style=\"color: #333333;\">, majorca<\/span><\/p>\n<p>1815 individual planning,<span style=\"color: #333333;\">\u00a0refurbishment\u00a0\/ rehabilitation \/ conversion of a single house,\u00a0sa rapita, majorca<\/span><\/p>\n<p>1714 individual planning, new design of a custumer residencial finca\u00a0country house, cas concos felanitx<span style=\"color: #333333;\">, majorca<\/span><\/p>\n<p><a href=\"https:\/\/jle.de\/en\/new-finca-en-majorca-na-borras\/\">1710 individual planning, new design of a custumer residencial finca\u00a0country house, cala llombards santany\u00ed<span style=\"color: #333333;\">, majorca<\/span><\/a><\/p>\n<p><a href=\"https:\/\/jle.de\/es\/1706-reforma-integral-bambu-diafano-mallorca\/\">1706 individual planning, refurbishment\u00a0of an existing single\u00a0house, front line\u00a0sa torre, majorca<\/a><\/p>\n<p>1702 individual planning, new design of a custumer residencial finca\u00a0country house, es puntiro palma<span style=\"color: #333333;\">, majorca<\/span><\/p>\n<p style=\"text-align: justify;\">1513 individual planning,\u00a0extension\u00a0\/ rehabilitation \/ conversion of a urban\u00a0house, son vida, majorca<\/p>\n<p style=\"text-align: justify;\">1509\u00a0individual planning,\u00a0extension\u00a0\/ rehabilitation \/ conversion of a urban\u00a0house, portopetro, majorca<\/p>\n<p style=\"text-align: justify;\"><a href=\"https:\/\/jle.de\/es\/1508-nueva-piscina\/\">1508\u00a0individual planning, pool, galilea, majorca<\/a><\/p>\n<p style=\"text-align: justify;\"><a href=\"https:\/\/jle.de\/en\/1418-portopetro-mallorca\/\">1418\u00a0individual planning, design customer residencial single\u00a0house, front line portopetro colonia del silencio, majorca<\/a><\/p>\n<p style=\"text-align: justify;\"><a href=\"https:\/\/jle.de\/es\/1416-port-andratx-mallorca-3\/\">1416\u00a0individual planning,\u00a0<span style=\"color: #333333;\">complete refurbishment\u00a0\/ rehabilitation \/ conversion of a single house,\u00a0port andratx, majorca<\/span><\/a><\/p>\n<p style=\"text-align: justify;\">1405 individual planning, new design, refurbishment of three vip lounges, airport palma, majorca<\/p>\n<p style=\"text-align: justify;\"><a href=\"https:\/\/jle.de\/en\/1323-new-finca-son-dc-majorca-country-side\/\">1323 individual planning, new design of a custumer residencial finca country house, felanitx<span style=\"color: #333333;\">, majorca<\/span><\/a><\/p>\n<p><a href=\"https:\/\/jle.de\/es\/despacho-creativo-arquitectos-en-palma\/\">1317\u00a0<span style=\"color: #333333;\">complete refurbishment \/ rehabilitation \/ conversion of a local office shop, palma de malorca, majorca<\/span><\/a><\/p>\n<p style=\"text-align: justify;\"><a href=\"https:\/\/jle.de\/es\/1312-1\/\">1312 individual planning,\u00a0<span style=\"color: #333333;\">complete refurbishment\u00a0\/ rehabilitation \/ conversion of a single house, front line badia gran, majorca<\/span><\/a><\/p>\n<p style=\"text-align: justify;\"><a href=\"https:\/\/jle.de\/en\/new-architecture-majorca-lifestyle-sa-torre-frontline\/\">1306\u00a0individual planning, design customer residencial single\u00a0house, front line sa torre, majorca<\/a><\/p>\n<p style=\"text-align: justify;\"><a href=\"https:\/\/jle.de\/es\/1309-finca-en-galilea\/\">1309\u00a0individual planning,\u00a0extension\u00a0\/ rehabilitation \/ conversion of a finca non-urban\u00a0house, galilea, majorca<\/a><\/p>\n<p style=\"text-align: justify;\"><a href=\"https:\/\/jle.de\/en\/1303-mallorca-porche\/\">1303 individual planning, design and extension of an existing urban\u00a0house, cala figueres, majorca<\/a><\/p>\n<p style=\"text-align: justify;\">1223\u00a0<a href=\"https:\/\/jle.de\/es\/1223-mansion-jle-costa-de-los-pinos\/\">individual planning, design refurbishment and extension of an existing customer residencial\u00a0single\u00a0house, front line costa\u00a0de los pinos, majorca<\/a><\/p>\n<p style=\"text-align: justify;\">1220\u00a0individual planning, refurbishment\u00a0of an existing single\u00a0house, front line\u00a0portopetro, majorca<\/p>\n<p style=\"text-align: justify;\">1216\u00a0individual planning,\u00a0complete refurbishment\u00a0\/ rehabilitation \/ conversion of a country\u00a0house, son negre, majorca<\/p>\n<p style=\"text-align: justify;\">1214 individual planning, design of a high tech customer residencial single house, front line santa ponsa, majorca<\/p>\n<p style=\"text-align: justify;\">1206\u00a0complete refurbishment\u00a0\/ rehabilitation \/ conversion of a double\u00a0house, canyamel, majorca<\/p>\n<p style=\"text-align: justify;\">1119 <span style=\"color: #333333;\">complete refurbishment \/ rehabilitation \/ conversion of a single house, playa de muro, majorca<\/span><\/p>\n<p style=\"text-align: justify;\">1118 individual planning,\u00a0extension\u00a0\/ rehabilitation \/ conversion of a urban\u00a0house, portocolom, majorca<\/p>\n<p style=\"text-align: justify;\">1115 study of feasibility for an industrial building (recycling) son reus, majorca<\/p>\n<p style=\"text-align: justify;\">1020 legalisation of a country house, felanitx, majorca<\/p>\n<p style=\"text-align: justify;\">1018 individual planning, design of two country houses, llucmajor, majorca<\/p>\n<p style=\"text-align: justify;\">1009\u00a0expert opinions, official expertises, professional assessor dorint royal golfresort &amp; spa hotel,\u00a0camp de mar, majorca<\/p>\n<p style=\"text-align: justify;\">1010 individual planning, design of a country house, son serra, majorca<\/p>\n<p style=\"text-align: justify;\">1005 consulting for a new opera and theatre building for the chamber of commerce and industry, cali\u00a0in colombia<\/p>\n<p style=\"text-align: justify;\">1004 individual planning, design for a new photovoltaic park, 58.000 m2, majorca<\/p>\n<p style=\"text-align: justify;\">1003 planning concept, design of an urbanisation, multiple single country houses, felanitx, majorca<\/p>\n<p style=\"text-align: justify;\">0906 rehabilitation, renovation multi-story, high standard apartment building, port verd, majorca<\/p>\n<p style=\"text-align: justify;\">0816 expert opinions, official expertise, professional assessor private house, port verd, majorca<\/p>\n<p style=\"text-align: justify;\"><a href=\"https:\/\/jle.de\/en\/0812-architecture-majorca\/\">0812\u00a0individual planning, design of a customer residencial single house, front line portopetro, majorca<\/a><\/p>\n<p style=\"text-align: justify;\"><a href=\"https:\/\/jle.de\/es\/0809-axel-milbergs-erb-erweiterung\/\">0809 individual planning, design and extension of an existing country house, cas concos, majorca<\/a><\/p>\n<p style=\"text-align: justify;\">0801 individual planning, design, extension of an existing countryside hotel, converting into a private\u00a0sanatorium \/ beauty-farm \/ spa \/ wellness hotel, vilafranca, majorca<\/p>\n<p style=\"text-align: justify;\">0728 individual planning, design and extension of an existing single housing, port andratx, majorca<\/p>\n<p style=\"text-align: justify;\">0727 rehabilitation, renovation of several existing holiday apartment buildings, portocristo, majorca<\/p>\n<p style=\"text-align: justify;\">0724 complete renovation \/ conversion of a single housing, soller, majorca<\/p>\n<p style=\"text-align: justify;\"><a href=\"https:\/\/jle.de\/es\/reforma-0721-ampliacion-mallorca-cala-llombards\/\">0721\u00a0complete restoration \/ extension \/ conversion of an existing single housing, cala llombards,\u00a0majorca<\/a><\/p>\n<p style=\"text-align: justify;\"><a href=\"https:\/\/jle.de\/en\/0713\/\">0713\u00a0new single housing, port soller, majorca<\/a><\/p>\n<p style=\"text-align: justify;\"><a href=\"https:\/\/jle.de\/es\/0711-molino-m1-07-felanitx\/\">0711 complete restoration \/ heritage \/ conversion of an old mill into a single housing, felanitx, majorca<\/a><\/p>\n<p style=\"text-align: justify;\">0708 consulting, planning for a restoration \/ heritage \/ conversion of an old city hotel, felanitx, majorca<\/p>\n<p style=\"text-align: justify;\">0703 expert opinions, official expertises, professional assessor new country house, s\u00b4horta, majorca<\/p>\n<p style=\"text-align: justify;\"><a href=\"https:\/\/jle.de\/en\/0611\/\">0611\u00a0individual planning triple apartment building, sa torre, majorca<\/a><\/p>\n<p style=\"text-align: justify;\"><a href=\"https:\/\/jle.de\/en\/0606\/\">0606\u00a0planning concepts, design for a new luxury hotel and art museum, calvia, majorca<\/a><\/p>\n<p style=\"text-align: justify;\"><a href=\"https:\/\/jle.de\/en\/0605\/\">0605\u00a0planning concepts, design for an extension of existing museum building \u201ces baluard\u201d, palma de\u00a0mallorca, majorca<\/a><\/p>\n<p style=\"text-align: justify;\"><a href=\"https:\/\/jle.de\/en\/majorca-architect-portocolom\/\">0511\u00a0individual planning, traditional design of a new manor house, portocolom, majorca<\/a><\/p>\n<p style=\"text-align: justify;\"><a href=\"http:\/\/www.cevp.com.co\/\" target=\"_blank\" rel=\"noopener\">0510<\/a> <a title=\"study of feasibility convention centre\" href=\"http:\/\/www.cevp.com.co\/\" target=\"_blank\" rel=\"noopener\">planning control, user consulting congress and event centre \u201ccevp\u201d, cali, colombia<\/a><\/p>\n<p style=\"text-align: justify;\">0313\u00a0complete renovation \/ extension \/ refurbishment \/ conversion of an existing single house, portocolom, majorca<\/p>\n<p style=\"text-align: justify;\">0411\u00a0individual planning, design of a customer residencial single house, marratx\u00ed, majorca<\/p>\n<p style=\"text-align: justify;\">0311\u00a0complete renovation \/ extension \/ conversion of an existing single house, cala d\u00b4or, majorca<\/p>\n<p style=\"text-align: justify;\">0310 individual planning, design of two new single houses, portocolom, majorca<\/p>\n<p style=\"text-align: justify;\"><a href=\"https:\/\/jle.de\/en\/center-of-commerce-cali-colombia\/\">0303\u00a0concept planning, tendering documents, budgeting, utilisation concept, planning control, user\u00a0consulting convention centre \u201ccevp\u201d, cali, colombia<\/a><\/p>\n<p style=\"text-align: justify;\"><a href=\"http:\/\/www.cevp.com.co\/\" target=\"_blank\" rel=\"noopener\">0203<\/a> <a title=\"study of feasibility convention centre\" href=\"http:\/\/www.cevp.com.co\/\" target=\"_blank\" rel=\"noopener\">study of feasibility, consulting and user consepts for the chamber of commerce and industry\u00a0(ccc)\u00a0consulting convention centre \u201ccevp\u201d, cali, colombia<\/a><\/p>\n<p style=\"text-align: justify;\">0108 planning concept, design of an urban convention centre, amphitheatre, cala d\u00b4or, majorca<\/p>\n<p style=\"text-align: justify;\"><a href=\"https:\/\/jle.de\/es\/0102-reforma-ampliacion-chalet-aldea-ibicenca-portocolom\/\">0102\u00a0complete renovation \/ extension \/ conversion of an existing single house, portocolom, majorca<\/a><\/p>\n<p style=\"text-align: justify;\">0101 competition vocational training collage heilbronn, germany<\/p>\n<p style=\"text-align: justify;\"><a href=\"http:\/\/www.kino.de\/kinoprogramm\/berlin\/neukoelln\/cineplex-neukoelln-in-den-neukoelln-arcaden-k31811\/\" target=\"_blank\" rel=\"noopener\">0004<\/a> individual planning, interior design new 9 screen movie theatre cineplex \u201ckarli kino\u201d, shopping\u00a0centre, neuk\u00f6lln arcaden, berlin, germany<\/p>\n<p style=\"text-align: justify;\"><a href=\"http:\/\/biberach.traumpalast.de\/index.php\/PID\/59.html\" target=\"_blank\" rel=\"noopener\">0002<\/a> individual planning, complete renovation \/ extension of an existing 8 screen movie theatre,\u00a0traumpalast, biberach, germany<\/p>\n<p style=\"text-align: justify;\">0001 individual planning, design of a new 9 screen movie theatre, passau, germany<\/p>\n<p style=\"text-align: justify;\"><a href=\"http:\/\/www.cineplex.de\/kino\/home\/city15\/\" target=\"_blank\" rel=\"noopener\">9909<\/a> individual planning, design of a new 12 screen movie theatre, cineplex lichtspielberg erding,\u00a0germany<\/p>\n<p style=\"text-align: justify;\">9908 individual planning, design of a new 4 screen movie theatre, cineplex gr\u00fcnwald munich, germany<\/p>\n<p style=\"text-align: justify;\"><a href=\"http:\/\/www.kopp-krauss.de\/\" target=\"_blank\" rel=\"noopener\">9802<\/a> individual planning, design, extension, complete logistical restructuration of kopp &amp; krauss as a\u00a0wholesale company, kaiserslautern, germany<\/p>\n<p style=\"text-align: justify;\">\n<\/div>\n","protected":false},"excerpt":{"rendered":"<p>servicios arquitect\u00f3nicos &nbsp; jle es un estudio de arquitectura con sede en mallorca que opera a nivel nacional e internacional en los \u00e1mbitos de la planificaci\u00f3n, el dise\u00f1o y la ejecuci\u00f3n de proyectos urbanos y no urbanos. jle es un estudio de arquitectura galardonado con numerosos premios y numerosas publicaciones en revistas especializadas, y ha [&hellip;]<\/p>\n","protected":false},"author":3,"featured_media":15445,"parent":740,"menu_order":35,"comment_status":"closed","ping_status":"closed","template":"","meta":{"footnotes":""},"class_list":["post-731","page","type-page","status-publish","has-post-thumbnail","hentry"],"_links":{"self":[{"href":"https:\/\/jle.de\/es\/wp-json\/wp\/v2\/pages\/731","targetHints":{"allow":["GET"]}}],"collection":[{"href":"https:\/\/jle.de\/es\/wp-json\/wp\/v2\/pages"}],"about":[{"href":"https:\/\/jle.de\/es\/wp-json\/wp\/v2\/types\/page"}],"author":[{"embeddable":true,"href":"https:\/\/jle.de\/es\/wp-json\/wp\/v2\/users\/3"}],"replies":[{"embeddable":true,"href":"https:\/\/jle.de\/es\/wp-json\/wp\/v2\/comments?post=731"}],"version-history":[{"count":12,"href":"https:\/\/jle.de\/es\/wp-json\/wp\/v2\/pages\/731\/revisions"}],"predecessor-version":[{"id":34896,"href":"https:\/\/jle.de\/es\/wp-json\/wp\/v2\/pages\/731\/revisions\/34896"}],"up":[{"embeddable":true,"href":"https:\/\/jle.de\/es\/wp-json\/wp\/v2\/pages\/740"}],"wp:featuredmedia":[{"embeddable":true,"href":"https:\/\/jle.de\/es\/wp-json\/wp\/v2\/media\/15445"}],"wp:attachment":[{"href":"https:\/\/jle.de\/es\/wp-json\/wp\/v2\/media?parent=731"}],"curies":[{"name":"wp","href":"https:\/\/api.w.org\/{rel}","templated":true}]}}