{"id":33619,"date":"2025-11-16T20:39:30","date_gmt":"2025-11-16T19:39:30","guid":{"rendered":"https:\/\/jle.de\/?page_id=33619"},"modified":"2026-03-04T09:02:52","modified_gmt":"2026-03-04T08:02:52","slug":"instalacion-fotovoltaica-y-sostenibilidad-fotovoltaica","status":"publish","type":"page","link":"https:\/\/jle.de\/es\/instalacion-fotovoltaica-y-sostenibilidad-fotovoltaica\/","title":{"rendered":"instalaci\u00f3n fotovoltaica y sostenibilidad"},"content":{"rendered":"<h4 data-start=\"14\" data-end=\"57\">instalaci\u00f3n fotovoltaica y sostenibilidad<\/h4>\n<p data-start=\"59\" data-end=\"73\">subvenciones<\/p>\n<p data-start=\"75\" data-end=\"661\">como arquitectos asumimos una responsabilidad especial frente al medio ambiente, los recursos y las generaciones futuras. la sostenibilidad, la eficiencia energ\u00e9tica y la protecci\u00f3n de los recursos no son para nosotros una opci\u00f3n \u201cadicional\u201d, sino la base de nuestra cultura de dise\u00f1o y planificaci\u00f3n. entendemos cada proyecto como una oportunidad para reducir el consumo energ\u00e9tico a lo largo de todo el ciclo de vida del edificio, disminuir de forma significativa la huella de CO\u2082 y, al mismo tiempo, combinar un alto nivel de confort, calidad arquitect\u00f3nica y viabilidad econ\u00f3mica.<\/p>\n<p data-start=\"663\" data-end=\"1404\">ya en las primeras fases de dise\u00f1o integramos de forma consecuente el rendimiento energ\u00e9tico: la orientaci\u00f3n del edificio, una construcci\u00f3n compacta, el nivel de aislamiento t\u00e9rmico, la reducci\u00f3n de puentes t\u00e9rmicos, la proporci\u00f3n de superficies acristaladas, la protecci\u00f3n solar, la ventilaci\u00f3n cruzada natural y las masas de almacenamiento t\u00e9rmico se combinan de manera que se reduzcan considerablemente la energ\u00eda primaria necesaria y el aporte de energ\u00eda externa durante la fase de uso. nuestro objetivo es lograr de forma duradera muy buenas clasificaciones en el certificado de eficiencia energ\u00e9tica\/energ\u00eda del edificio, independientemente de si se trata de una villa urbana, un \u00e1tico en palma o una finca en el interior de la isla.<\/p>\n<p data-start=\"1406\" data-end=\"2100\">un ejemplo especialmente ilustrativo es la finca <a href=\"https:\/\/jle.de\/es\/nuevo-bonus-arquitectura-mallorca-finca-felanitx-1323\/\">son dc<\/a> (n\u00famero de proyecto 1323) cerca de felanitx. la parcela dispone de un pozo inscrito y certificado con agua potable de calidad analizada en laboratorio, as\u00ed como de una conexi\u00f3n a la red el\u00e9ctrica p\u00fablica. paralelamente al proyecto de arquitectura desarrollamos e implementamos un concepto integral de energ\u00eda fotovoltaica, con una inversi\u00f3n total de 54.926,76 \u20ac y una potencia instalada de 35,71 kWp. la instalaci\u00f3n est\u00e1 concebida como un sistema fotovoltaico conectado a la red con bater\u00eda de almacenamiento: la electricidad solar excedentaria se acumula primero en sistemas de bater\u00edas y, adem\u00e1s, se vierte a la red el\u00e9ctrica p\u00fablica.<\/p>\n<p data-start=\"2102\" data-end=\"2807\">mediante un sistema de compensaci\u00f3n (net-metering) con la compa\u00f1\u00eda suministradora es posible volver a extraer electricidad de la red pr\u00e1cticamente a coste neutro cuando sea necesario. de este modo, la calefacci\u00f3n y la refrigeraci\u00f3n por medio de bombas de calor eficientes, la producci\u00f3n de agua caliente sanitaria, la electromovilidad, la iluminaci\u00f3n y todos los electrodom\u00e9sticos se alimentan de forma totalmente el\u00e9ctrica y localmente libre de emisiones. la compra de energ\u00eda externa se reduce en aproximadamente un 93,20 %, lo que no solo disminuye de forma significativa las emisiones de CO\u2082, sino que tambi\u00e9n mantiene los costes de explotaci\u00f3n estables y f\u00e1cilmente calculables durante muchos a\u00f1os.<\/p>\n<p data-start=\"2809\" data-end=\"3217\">este proyecto de ampliaci\u00f3n con coste 22.096,65\u20ac y una potencia adicional de 11,7kWp ha sido subvencionado en el marco del plan de recuperaci\u00f3n, transformaci\u00f3n y resiliencia, financiado por la uni\u00f3n europea \u2013 <a href=\"https:\/\/next-generation-eu.europa.eu\/index_de\" target=\"_blank\" rel=\"noopener\">NextGenerationEU<\/a> \u2013 a trav\u00e9s del plan de inversiones para la transici\u00f3n energ\u00e9tica en las islas baleares (<a href=\"https:\/\/www.caib.es\/sites\/piteib\/es\/convocatorias_subvencion\" target=\"_blank\" rel=\"noopener\">PITEIB<\/a>), con una ayuda de 6.388,20 \u20ac, con el objetivo de <a href=\"https:\/\/www.imesapi.es\/reduccion-del-consumo-energetico-mediante-la-generacion-de-electricidad-de-origen-renovable-para-autoconsumo\/\" target=\"_blank\" rel=\"noopener\">reducir el consumo energ\u00e9tico mediante la generaci\u00f3n de electricidad de origen renovable para autoconsumo<\/a>.<\/p>\n<p data-start=\"3219\" data-end=\"3859\">nuestra experiencia demuestra que este tipo de conceptos energ\u00e9ticos no solo resultan interesantes para proyectos en entornos rurales sin una infraestructura completamente desarrollada, sino que ofrecen ventajas al menos igual de relevantes en contextos urbanos. gracias a la integraci\u00f3n inteligente de instalaciones fotovoltaicas en cubiertas o parcelas, soluciones de almacenamiento, gesti\u00f3n de cargas, automatizaci\u00f3n de edificios e instalaciones t\u00e9cnicas de alta eficiencia, surgen edificios con una elevada clase de eficiencia energ\u00e9tica, una demanda energ\u00e9tica reducida, una huella de CO\u2082 m\u00e1s baja y costes de explotaci\u00f3n contenidos.<\/p>\n<p data-start=\"3861\" data-end=\"4574\">para nuestros clientes, esto se traduce en una mayor independencia frente a los precios de la energ\u00eda vol\u00e1tiles, una contribuci\u00f3n medible a la protecci\u00f3n del clima, un ambiente interior agradable y saludable y un claro valor a\u00f1adido para el inmueble, tanto en uso propio como en su alquiler o venta. entendemos la arquitectura sostenible como la interacci\u00f3n entre dise\u00f1o, tecnolog\u00eda y responsabilidad: la calidad est\u00e9tica, el confort, la eficiencia energ\u00e9tica, el uso responsable de los recursos y la viabilidad econ\u00f3mica a largo plazo est\u00e1n para nosotros indisolublemente ligados y constituyen el marco dentro del cual desarrollamos cada concepto energ\u00e9tico de forma individual y espec\u00edfica para cada proyecto.<\/p>\n<p><a href=\"https:\/\/www.imesapi.es\/reduccion-del-consumo-energetico-mediante-la-generacion-de-electricidad-de-origen-renovable-para-autoconsumo\/\" target=\"_blank\" rel=\"noopener\"><img decoding=\"async\" class=\"wp-image-33540 aligncenter\" src=\"https:\/\/jle.de\/wp-content\/uploads\/2025\/11\/LOGO-ILLES-BALEARS-COLOR.jpg\" alt=\"\" width=\"201\" height=\"84\" data-wp-pid=\"33540\" \/><\/a><\/p>\n<p><img decoding=\"async\" class=\"wp-image-33543 aligncenter\" src=\"https:\/\/jle.de\/wp-content\/uploads\/2025\/11\/Logotipo_del_Plan_de_Recuperacion_Transformacion_y_Resiliencia.svg_-600x197.png\" alt=\"\" width=\"201\" height=\"66\" data-wp-pid=\"33543\" srcset=\"https:\/\/jle.de\/wp-content\/uploads\/2025\/11\/Logotipo_del_Plan_de_Recuperacion_Transformacion_y_Resiliencia.svg_-600x197.png 600w, https:\/\/jle.de\/wp-content\/uploads\/2025\/11\/Logotipo_del_Plan_de_Recuperacion_Transformacion_y_Resiliencia.svg_-640x210.png 640w, https:\/\/jle.de\/wp-content\/uploads\/2025\/11\/Logotipo_del_Plan_de_Recuperacion_Transformacion_y_Resiliencia.svg_-768x252.png 768w, https:\/\/jle.de\/wp-content\/uploads\/2025\/11\/Logotipo_del_Plan_de_Recuperacion_Transformacion_y_Resiliencia.svg_.png 1200w\" sizes=\"(max-width: 201px) 100vw, 201px\" \/><\/p>\n<p><img decoding=\"async\" class=\"wp-image-33537 aligncenter\" src=\"https:\/\/jle.de\/wp-content\/uploads\/2025\/11\/Logo-MITECO-Ministerio_7-600x189.png\" alt=\"\" width=\"200\" height=\"63\" data-wp-pid=\"33537\" srcset=\"https:\/\/jle.de\/wp-content\/uploads\/2025\/11\/Logo-MITECO-Ministerio_7-600x189.png 600w, https:\/\/jle.de\/wp-content\/uploads\/2025\/11\/Logo-MITECO-Ministerio_7-1536x483.png 1536w, https:\/\/jle.de\/wp-content\/uploads\/2025\/11\/Logo-MITECO-Ministerio_7-640x201.png 640w, https:\/\/jle.de\/wp-content\/uploads\/2025\/11\/Logo-MITECO-Ministerio_7-768x242.png 768w, https:\/\/jle.de\/wp-content\/uploads\/2025\/11\/Logo-MITECO-Ministerio_7-1220x384.png 1220w, https:\/\/jle.de\/wp-content\/uploads\/2025\/11\/Logo-MITECO-Ministerio_7.png 1598w\" sizes=\"(max-width: 200px) 100vw, 200px\" \/><\/p>\n<p><a href=\"https:\/\/www.idae.es\/\" target=\"_blank\" rel=\"noopener\"><img loading=\"lazy\" decoding=\"async\" class=\"wp-image-33534 aligncenter\" src=\"https:\/\/jle.de\/wp-content\/uploads\/2025\/11\/logo-IDAE.png\" alt=\"\" width=\"202\" height=\"72\" data-wp-pid=\"33534\" \/><\/a><\/p>\n<p><img loading=\"lazy\" decoding=\"async\" class=\"wp-image-33531 aligncenter\" src=\"https:\/\/jle.de\/wp-content\/uploads\/2025\/11\/ES-Financiado-por-la-Union-Europea_POS_web-1024x301-1-600x176.webp\" alt=\"\" width=\"201\" height=\"59\" data-wp-pid=\"33531\" srcset=\"https:\/\/jle.de\/wp-content\/uploads\/2025\/11\/ES-Financiado-por-la-Union-Europea_POS_web-1024x301-1-600x176.webp 600w, https:\/\/jle.de\/wp-content\/uploads\/2025\/11\/ES-Financiado-por-la-Union-Europea_POS_web-1024x301-1-640x188.webp 640w, https:\/\/jle.de\/wp-content\/uploads\/2025\/11\/ES-Financiado-por-la-Union-Europea_POS_web-1024x301-1-768x226.webp 768w, https:\/\/jle.de\/wp-content\/uploads\/2025\/11\/ES-Financiado-por-la-Union-Europea_POS_web-1024x301-1.webp 1024w\" sizes=\"(max-width: 201px) 100vw, 201px\" \/><\/p>\n<p><a href=\"https:\/\/www.caib.es\/webgoib\/ca\/inici\" target=\"_blank\" rel=\"noopener\"><img loading=\"lazy\" decoding=\"async\" class=\"wp-image-33528 aligncenter\" src=\"https:\/\/jle.de\/wp-content\/uploads\/2025\/11\/C_EMP_AUT_ENE_DG_ECO_CIR_TRA_ENE_CAN_CLI_COL-2-600x257.webp\" alt=\"\" width=\"200\" height=\"86\" data-wp-pid=\"33528\" srcset=\"https:\/\/jle.de\/wp-content\/uploads\/2025\/11\/C_EMP_AUT_ENE_DG_ECO_CIR_TRA_ENE_CAN_CLI_COL-2-600x257.webp 600w, https:\/\/jle.de\/wp-content\/uploads\/2025\/11\/C_EMP_AUT_ENE_DG_ECO_CIR_TRA_ENE_CAN_CLI_COL-2-1536x658.webp 1536w, https:\/\/jle.de\/wp-content\/uploads\/2025\/11\/C_EMP_AUT_ENE_DG_ECO_CIR_TRA_ENE_CAN_CLI_COL-2-640x274.webp 640w, https:\/\/jle.de\/wp-content\/uploads\/2025\/11\/C_EMP_AUT_ENE_DG_ECO_CIR_TRA_ENE_CAN_CLI_COL-2-768x329.webp 768w, https:\/\/jle.de\/wp-content\/uploads\/2025\/11\/C_EMP_AUT_ENE_DG_ECO_CIR_TRA_ENE_CAN_CLI_COL-2-1220x523.webp 1220w, https:\/\/jle.de\/wp-content\/uploads\/2025\/11\/C_EMP_AUT_ENE_DG_ECO_CIR_TRA_ENE_CAN_CLI_COL-2.webp 1654w\" sizes=\"(max-width: 200px) 100vw, 200px\" \/><\/a><\/p>\n","protected":false},"excerpt":{"rendered":"<p>instalaci\u00f3n fotovoltaica y sostenibilidad subvenciones como arquitectos asumimos una responsabilidad especial frente al medio ambiente, los recursos y las generaciones futuras. la sostenibilidad, la eficiencia energ\u00e9tica y la protecci\u00f3n de los recursos no son para nosotros una opci\u00f3n \u201cadicional\u201d, sino la base de nuestra cultura de dise\u00f1o y planificaci\u00f3n. entendemos cada proyecto como una oportunidad [&hellip;]<\/p>\n","protected":false},"author":3,"featured_media":33600,"parent":0,"menu_order":0,"comment_status":"closed","ping_status":"closed","template":"","meta":{"footnotes":""},"class_list":["post-33619","page","type-page","status-publish","has-post-thumbnail","hentry"],"_links":{"self":[{"href":"https:\/\/jle.de\/es\/wp-json\/wp\/v2\/pages\/33619","targetHints":{"allow":["GET"]}}],"collection":[{"href":"https:\/\/jle.de\/es\/wp-json\/wp\/v2\/pages"}],"about":[{"href":"https:\/\/jle.de\/es\/wp-json\/wp\/v2\/types\/page"}],"author":[{"embeddable":true,"href":"https:\/\/jle.de\/es\/wp-json\/wp\/v2\/users\/3"}],"replies":[{"embeddable":true,"href":"https:\/\/jle.de\/es\/wp-json\/wp\/v2\/comments?post=33619"}],"version-history":[{"count":12,"href":"https:\/\/jle.de\/es\/wp-json\/wp\/v2\/pages\/33619\/revisions"}],"predecessor-version":[{"id":34786,"href":"https:\/\/jle.de\/es\/wp-json\/wp\/v2\/pages\/33619\/revisions\/34786"}],"wp:featuredmedia":[{"embeddable":true,"href":"https:\/\/jle.de\/es\/wp-json\/wp\/v2\/media\/33600"}],"wp:attachment":[{"href":"https:\/\/jle.de\/es\/wp-json\/wp\/v2\/media?parent=33619"}],"curies":[{"name":"wp","href":"https:\/\/api.w.org\/{rel}","templated":true}]}}