{"id":2641,"date":"2014-05-30T14:17:04","date_gmt":"2014-05-30T14:17:04","guid":{"rendered":"http:\/\/www.jle.de\/home-2\/"},"modified":"2026-03-16T09:38:03","modified_gmt":"2026-03-16T08:38:03","slug":"home","status":"publish","type":"page","link":"https:\/\/jle.de\/es\/","title":{"rendered":"home"},"content":{"rendered":"<h1>arquitecto mallorca<\/h1>\n<h4>arquitecto<\/h4>\n<p><a href=\"https:\/\/jle.de\/es\/equipo-1-despacho-mallorca\/\">Espacios con car\u00e1cter. Arquitectura con ra\u00edces.<\/a><br data-start=\"161\" data-end=\"164\" \/>la arquitectura residencial exclusiva no comienza con las formas, sino con la actitud. en jle no dise\u00f1amos simplemente casas, sino respuestas precisas, adaptadas al cliente y a lugares excepcionales. nuestros proyectos surgen del <em data-start=\"630\" data-end=\"643\">genius loci<\/em> \u2013 del contexto cultural, paisaj\u00edstico y emocional inherente a cada lugar.<br \/>\nArquitectura como expresi\u00f3n de un estilo de vida individual<br data-start=\"521\" data-end=\"524\" \/>Nuestros clientes no buscan soluciones est\u00e1ndar, sino una declaraci\u00f3n arquitect\u00f3nica. Creamos espacios vitales a medida, donde la elegancia, la claridad y la calidad artesanal se unen en armon\u00eda. Cada dise\u00f1o combina sofisticaci\u00f3n funcional con profundidad est\u00e9tica \u2014discreto, duradero, meditado.<br \/>\nPropiedades en di\u00e1logo con el paisaje y la historia<br \/>\nMateriales de alta calidad \u2013 sensoriales y elegidos para perdurar<br \/>\nConceptos espaciales guiados por la luz, la amplitud y la proporci\u00f3n<br \/>\nEl lugar como punto de partida<br data-start=\"1055\" data-end=\"1058\" \/>Creemos en una arquitectura que no pasa por alto el lugar, sino que lo interpreta. Nuestros dise\u00f1os responden a la topograf\u00eda, la luz, la cultura y el clima \u2014y a partir de ello desarrollan una narrativa espacial con un anclaje perceptible. As\u00ed surgen espacios habitables con alma, sustancia y atemporalidad.<br \/>\nDiscreci\u00f3n. Confianza. Excelencia.<br data-start=\"1405\" data-end=\"1408\" \/>Nuestros clientes valoran no solo el resultado, sino tambi\u00e9n el camino: transparente, profesional y confidencial. Acompa\u00f1amos personalmente cada fase con el mayor cuidado, desde la primera visi\u00f3n hasta la entrega final.<br \/>\nArquitectura que perdura<br data-start=\"1657\" data-end=\"1660\" \/>No dise\u00f1amos para el momento, sino para las generaciones. Si busca un socio arquitect\u00f3nico que entienda sus valores, dise\u00f1e con dignidad y ejecute con coherencia, estaremos encantados de tener una primera conversaci\u00f3n.<\/p>\n<p>nuestro prop\u00f3sito es crear una arquitectura <strong data-start=\"44\" data-end=\"70\">individual y narrativa<\/strong>, marcada por cada lugar, que genere un v\u00ednculo emocional al traducir la historia y los requisitos del promotor en una respuesta espacial. de este modo surgen, tanto de procesos observacionales y anal\u00edticos como de la serendipia,\u00a0<strong>piezas arquitect\u00f3nicas \u00fanicas<\/strong>, generadoras de sentido, que construyen identidad, crean valor y son reconocibles, en el contexto del\u00a0<em data-start=\"239\" data-end=\"252\">genius loci<\/em>.<\/p>\n","protected":false},"excerpt":{"rendered":"<p>arquitecto mallorca arquitecto Espacios con car\u00e1cter. Arquitectura con ra\u00edces.la arquitectura residencial exclusiva no comienza con las formas, sino con la actitud. en jle no dise\u00f1amos simplemente casas, sino respuestas precisas, adaptadas al cliente y a lugares excepcionales. nuestros proyectos surgen del genius loci \u2013 del contexto cultural, paisaj\u00edstico y emocional inherente a cada lugar. Arquitectura [&hellip;]<\/p>\n","protected":false},"author":3,"featured_media":15445,"parent":0,"menu_order":1,"comment_status":"closed","ping_status":"closed","template":"","meta":{"footnotes":""},"class_list":["post-2641","page","type-page","status-publish","has-post-thumbnail","hentry"],"_links":{"self":[{"href":"https:\/\/jle.de\/es\/wp-json\/wp\/v2\/pages\/2641","targetHints":{"allow":["GET"]}}],"collection":[{"href":"https:\/\/jle.de\/es\/wp-json\/wp\/v2\/pages"}],"about":[{"href":"https:\/\/jle.de\/es\/wp-json\/wp\/v2\/types\/page"}],"author":[{"embeddable":true,"href":"https:\/\/jle.de\/es\/wp-json\/wp\/v2\/users\/3"}],"replies":[{"embeddable":true,"href":"https:\/\/jle.de\/es\/wp-json\/wp\/v2\/comments?post=2641"}],"version-history":[{"count":7,"href":"https:\/\/jle.de\/es\/wp-json\/wp\/v2\/pages\/2641\/revisions"}],"predecessor-version":[{"id":35489,"href":"https:\/\/jle.de\/es\/wp-json\/wp\/v2\/pages\/2641\/revisions\/35489"}],"wp:featuredmedia":[{"embeddable":true,"href":"https:\/\/jle.de\/es\/wp-json\/wp\/v2\/media\/15445"}],"wp:attachment":[{"href":"https:\/\/jle.de\/es\/wp-json\/wp\/v2\/media?parent=2641"}],"curies":[{"name":"wp","href":"https:\/\/api.w.org\/{rel}","templated":true}]}}