{"id":1673,"date":"2012-03-10T13:57:14","date_gmt":"2012-03-10T13:57:14","guid":{"rendered":"http:\/\/www.jle.de\/?page_id=1673"},"modified":"2026-03-06T15:46:29","modified_gmt":"2026-03-06T14:46:29","slug":"premios-prensa-articulos","status":"publish","type":"page","link":"https:\/\/jle.de\/es\/equipo-1-despacho-mallorca\/premios-prensa-articulos\/","title":{"rendered":"PRENSA"},"content":{"rendered":"\r\n<h4 style=\"text-align: center;\"><strong>prensa &#8211; publicaciones &amp; art\u00edculos referencias sobre nuestra arquitectura &#8211; jle arquitectos<\/strong><\/h4>\r\n<p>&nbsp;<\/p>\r\n<p>&nbsp;<\/p>\r\n<p style=\"text-align: center;\">proyecto 1710<\/p>\r\n<p style=\"text-align: center;\">nominado a los premio Building of the year 2024 by ArchDaily en la categor\u00eda vivienda unifamiliar<\/p>\r\n<p>&nbsp;<\/p>\r\n<p><a href=\"https:\/\/www.archdaily.com\/1008170\/house-1710-jle-arquitectos?ad_source=search&amp;ad_medium=projects_tab\" target=\"_blank\" rel=\"noopener\"><img fetchpriority=\"high\" decoding=\"async\" class=\"alignnone size-medium wp-image-25880 aligncenter\" src=\"https:\/\/jle.de\/wp-content\/uploads\/2024\/02\/1710_IG_stories-367x550.png\" alt=\"\" width=\"367\" height=\"550\" data-wp-pid=\"25880\" srcset=\"https:\/\/jle.de\/wp-content\/uploads\/2024\/02\/1710_IG_stories-367x550.png 367w, https:\/\/jle.de\/wp-content\/uploads\/2024\/02\/1710_IG_stories-801x1200.png 801w, https:\/\/jle.de\/wp-content\/uploads\/2024\/02\/1710_IG_stories-768x1150.png 768w, https:\/\/jle.de\/wp-content\/uploads\/2024\/02\/1710_IG_stories-1026x1536.png 1026w, https:\/\/jle.de\/wp-content\/uploads\/2024\/02\/1710_IG_stories-361x540.png 361w, https:\/\/jle.de\/wp-content\/uploads\/2024\/02\/1710_IG_stories.png 1080w\" sizes=\"(max-width: 367px) 100vw, 367px\" \/><\/a><\/p>\r\n<p>&nbsp;<\/p>\r\n<p style=\"text-align: center;\"><a href=\"https:\/\/boty.archdaily.com\/us\/2024\/candidates\/161464\/\" target=\"_blank\" rel=\"noopener\">nominees &#8211; nomierungen &#8211; nominados 2024<\/a><\/p>\r\n<p>&nbsp;<\/p>\r\n<p>&nbsp;<\/p>\r\n<p><a href=\"https:\/\/www.archdaily.com\/1008170\/house-1710-jle-arquitectos?ad_source=search&amp;ad_medium=projects_tab\" target=\"_blank\" rel=\"noopener\"><img decoding=\"async\" class=\"aligncenter wp-image-33838\" src=\"https:\/\/jle.de\/wp-content\/uploads\/2025\/12\/Logo-Building-of-the-Year-2024-Nominee-24_blue-315x550.png\" alt=\"\" width=\"154\" height=\"269\" data-wp-pid=\"33838\" srcset=\"https:\/\/jle.de\/wp-content\/uploads\/2025\/12\/Logo-Building-of-the-Year-2024-Nominee-24_blue-315x550.png 315w, https:\/\/jle.de\/wp-content\/uploads\/2025\/12\/Logo-Building-of-the-Year-2024-Nominee-24_blue-879x1536.png 879w, https:\/\/jle.de\/wp-content\/uploads\/2025\/12\/Logo-Building-of-the-Year-2024-Nominee-24_blue-1172x2048.png 1172w, https:\/\/jle.de\/wp-content\/uploads\/2025\/12\/Logo-Building-of-the-Year-2024-Nominee-24_blue-309x540.png 309w, https:\/\/jle.de\/wp-content\/uploads\/2025\/12\/Logo-Building-of-the-Year-2024-Nominee-24_blue-687x1200.png 687w, https:\/\/jle.de\/wp-content\/uploads\/2025\/12\/Logo-Building-of-the-Year-2024-Nominee-24_blue.png 1374w\" sizes=\"(max-width: 154px) 100vw, 154px\" \/><\/a><\/p>\r\n<p>&nbsp;<\/p>\r\n<p style=\"text-align: center;\">articulo en el per\u00edodico Diario de Mallorca sobre la nominaci\u00f3n<\/p>\r\n<p>&nbsp;<\/p>\r\n<p><a href=\"https:\/\/www.diariodemallorca.es\/cultura\/2024\/02\/03\/casa-1710-mallorca-aspira-premio-97702294.html\" target=\"_blank\" rel=\"noopener\"><img decoding=\"async\" class=\"wp-image-25888 aligncenter\" src=\"https:\/\/jle.de\/wp-content\/uploads\/2024\/02\/logo-diariodemallorca-600x119.png\" alt=\"\" width=\"414\" height=\"82\" data-wp-pid=\"25888\" srcset=\"https:\/\/jle.de\/wp-content\/uploads\/2024\/02\/logo-diariodemallorca-600x119.png 600w, https:\/\/jle.de\/wp-content\/uploads\/2024\/02\/logo-diariodemallorca-640x127.png 640w, https:\/\/jle.de\/wp-content\/uploads\/2024\/02\/logo-diariodemallorca.png 708w\" sizes=\"(max-width: 414px) 100vw, 414px\" \/><\/a><\/p>\r\n<p>&nbsp;<\/p>\r\n<p>&nbsp;<\/p>\r\n<p><!--more--><\/p>\r\n<p style=\"text-align: center;\">publicaci\u00f3n toldo proyecto 1323\u00a0<\/p>\r\n<p style=\"text-align: center;\">\u00a0 architektur.aktuell.at 1323 son square<\/p>\r\n<p><a href=\"https:\/\/jle.de\/es\/nuevo-bonus-arquitectura-mallorca-finca-felanitx-1323\/\"><img loading=\"lazy\" decoding=\"async\" class=\"aligncenter  wp-image-34926\" src=\"https:\/\/jle.de\/wp-content\/uploads\/2026\/03\/IMG_4204-422x550.jpg\" alt=\"\" width=\"340\" height=\"443\" data-wp-pid=\"34926\" srcset=\"https:\/\/jle.de\/wp-content\/uploads\/2026\/03\/IMG_4204-422x550.jpg 422w, https:\/\/jle.de\/wp-content\/uploads\/2026\/03\/IMG_4204-1179x1536.jpg 1179w, https:\/\/jle.de\/wp-content\/uploads\/2026\/03\/IMG_4204-1573x2048.jpg 1573w, https:\/\/jle.de\/wp-content\/uploads\/2026\/03\/IMG_4204-415x540.jpg 415w, https:\/\/jle.de\/wp-content\/uploads\/2026\/03\/IMG_4204-768x1000.jpg 768w, https:\/\/jle.de\/wp-content\/uploads\/2026\/03\/IMG_4204-921x1200.jpg 921w, https:\/\/jle.de\/wp-content\/uploads\/2026\/03\/IMG_4204-scaled.jpg 1966w\" sizes=\"(max-width: 340px) 100vw, 340px\" \/><\/a>\u00a0 \u00a0 \u00a0 \u00a0 <a href=\"https:\/\/www.architektur-aktuell.at\/magazine\/architektur-aktuell-architects-2025\" target=\"_blank\" rel=\"noopener\"><img loading=\"lazy\" decoding=\"async\" class=\"wp-image-34923 aligncenter\" src=\"https:\/\/jle.de\/wp-content\/uploads\/2026\/03\/IMG_4202-424x550.jpg\" alt=\"architektur.aktuell.at 1323 son square\" width=\"340\" height=\"441\" data-wp-pid=\"34923\" srcset=\"https:\/\/jle.de\/wp-content\/uploads\/2026\/03\/IMG_4202-424x550.jpg 424w, https:\/\/jle.de\/wp-content\/uploads\/2026\/03\/IMG_4202-1183x1536.jpg 1183w, https:\/\/jle.de\/wp-content\/uploads\/2026\/03\/IMG_4202-1577x2048.jpg 1577w, https:\/\/jle.de\/wp-content\/uploads\/2026\/03\/IMG_4202-416x540.jpg 416w, https:\/\/jle.de\/wp-content\/uploads\/2026\/03\/IMG_4202-768x997.jpg 768w, https:\/\/jle.de\/wp-content\/uploads\/2026\/03\/IMG_4202-924x1200.jpg 924w, https:\/\/jle.de\/wp-content\/uploads\/2026\/03\/IMG_4202-scaled.jpg 1972w\" sizes=\"(max-width: 340px) 100vw, 340px\" \/><\/a><\/p>\r\n<p>&nbsp;<\/p>\r\n<p>&nbsp;<\/p>\r\n<p style=\"text-align: center;\">publicaci\u00f3n proyecto 1306<\/p>\r\n<p>&nbsp;<\/p>\r\n<p><a href=\"https:\/\/www.awmagazin.de\/architektur\/jochen-lendle-sommertraum-mallorca\" target=\"_blank\" rel=\"noopener\"><img loading=\"lazy\" decoding=\"async\" class=\"wp-image-24630  aligncenter\" src=\"https:\/\/jle.de\/wp-content\/uploads\/2023\/10\/AW_cover-22943.jpg\" alt=\"AW COVER\" width=\"344\" height=\"459\" data-wp-pid=\"17251\" srcset=\"https:\/\/jle.de\/wp-content\/uploads\/2023\/10\/AW_cover-22943.jpg 1000w, https:\/\/jle.de\/wp-content\/uploads\/2023\/10\/AW_cover-22943-413x550.jpg 413w, https:\/\/jle.de\/wp-content\/uploads\/2023\/10\/AW_cover-22943-900x1200.jpg 900w, https:\/\/jle.de\/wp-content\/uploads\/2023\/10\/AW_cover-22943-768x1024.jpg 768w, https:\/\/jle.de\/wp-content\/uploads\/2023\/10\/AW_cover-22943-405x540.jpg 405w\" sizes=\"(max-width: 344px) 100vw, 344px\" \/><\/a><\/p>\r\n<p>&nbsp;<\/p>\r\n<p><!--more--><\/p>\r\n<p style=\"text-align: center;\">\u00a0<\/p>\r\n<p>&nbsp;<\/p>\r\n<p style=\"text-align: center;\">premio y ganador concurso publicaciones y prensa del proyecto 1323 \u00a0<\/p>\r\n<p>&nbsp;<\/p>\r\n<p><a href=\"https:\/\/www.linkedin.com\/feed\/update\/urn:li:activity:6983547464989437952\/\" target=\"_blank\" rel=\"noopener\"><img loading=\"lazy\" decoding=\"async\" class=\"aligncenter wp-image-20005 \" src=\"https:\/\/jle.de\/wp-content\/uploads\/2022\/11\/1665007809001-600x535.jpeg\" alt=\"metra XXII \" width=\"331\" height=\"295\" data-wp-pid=\"20005\" srcset=\"https:\/\/jle.de\/wp-content\/uploads\/2022\/11\/1665007809001-600x535.jpeg 600w, https:\/\/jle.de\/wp-content\/uploads\/2022\/11\/1665007809001-768x684.jpeg 768w, https:\/\/jle.de\/wp-content\/uploads\/2022\/11\/1665007809001-606x540.jpeg 606w, https:\/\/jle.de\/wp-content\/uploads\/2022\/11\/1665007809001.jpeg 800w\" sizes=\"(max-width: 331px) 100vw, 331px\" \/><\/a><\/p>\r\n<p>&nbsp;<\/p>\r\n<p>&nbsp;<\/p>\r\n<p><a href=\"https:\/\/www.metrabuilding.com\/en\/blog\/the-22nd-edition-of-the-international-authors-contest\/\" target=\"_blank\" rel=\"noopener\"><img loading=\"lazy\" decoding=\"async\" class=\"aligncenter wp-image-20008 \" src=\"https:\/\/jle.de\/wp-content\/uploads\/2022\/11\/concorso-internazionale-autore-768x503-1-600x393.jpg\" alt=\"\" width=\"319\" height=\"209\" data-wp-pid=\"20008\" srcset=\"https:\/\/jle.de\/wp-content\/uploads\/2022\/11\/concorso-internazionale-autore-768x503-1-600x393.jpg 600w, https:\/\/jle.de\/wp-content\/uploads\/2022\/11\/concorso-internazionale-autore-768x503-1-640x419.jpg 640w, https:\/\/jle.de\/wp-content\/uploads\/2022\/11\/concorso-internazionale-autore-768x503-1.jpg 768w\" sizes=\"(max-width: 319px) 100vw, 319px\" \/><\/a><\/p>\r\n<p>&nbsp;<\/p>\r\n<p style=\"text-align: center;\">\u00a0<\/p>\r\n<p><a href=\"https:\/\/www.bora.com\/gb\/gb\/kitchens\/story\/the-traditional-and-the-modern\/\" target=\"_blank\" rel=\"noopener\"><img loading=\"lazy\" decoding=\"async\" class=\"wp-image-10428 aligncenter\" src=\"https:\/\/jle.de\/wp-content\/uploads\/2020\/11\/IMG_0080-600x450.jpg\" alt=\"\" width=\"351\" height=\"263\" srcset=\"https:\/\/jle.de\/wp-content\/uploads\/2020\/11\/IMG_0080-600x450.jpg 600w, https:\/\/jle.de\/wp-content\/uploads\/2020\/11\/IMG_0080-1220x915.jpg 1220w, https:\/\/jle.de\/wp-content\/uploads\/2020\/11\/IMG_0080-768x576.jpg 768w, https:\/\/jle.de\/wp-content\/uploads\/2020\/11\/IMG_0080-1536x1152.jpg 1536w, https:\/\/jle.de\/wp-content\/uploads\/2020\/11\/IMG_0080-2048x1536.jpg 2048w, https:\/\/jle.de\/wp-content\/uploads\/2020\/11\/IMG_0080-640x480.jpg 640w, https:\/\/jle.de\/wp-content\/uploads\/2020\/11\/IMG_0080-scaled-1200x900-cropped.jpg 1200w\" sizes=\"(max-width: 351px) 100vw, 351px\" \/><\/a><\/p>\r\n<p style=\"text-align: center;\">\u00a0<\/p>\r\n<p style=\"text-align: center;\"><a href=\"https:\/\/magazin.bora.com\/bora-revista-01-2022-spanish\/66292575\" target=\"_blank\" rel=\"noopener\"><img loading=\"lazy\" decoding=\"async\" class=\"yp-grid-element-img-int-fix yp-grid-element-img-cover pull-left yp-grid-element-img aligncenter\" src=\"https:\/\/img.yumpu.com\/66225579\/1\/358x507\/bora-magazin-01-2022-deutsch.jpg?AWSAccessKeyId=AKIAICNEWSPSEKTJ5M3Q&amp;Expires=1647806400&amp;Signature=0cm6kVUwMSnLt4C9sx4U5D8pdVg%3D\" srcset=\"https:\/\/img.yumpu.com\/66225579\/1\/716x1014\/bora-magazin-01-2022-deutsch.jpg?AWSAccessKeyId=AKIAICNEWSPSEKTJ5M3Q&amp;Expires=1647806400&amp;Signature=0cm6kVUwMSnLt4C9sx4U5D8pdVg%3D 2x\" alt=\"BORA Magazin 01|2022 \u2013 Deutsch\" width=\"200\" height=\"282\" data-src=\"https:\/\/img.yumpu.com\/66225579\/1\/358x507\/bora-magazin-01-2022-deutsch.jpg?AWSAccessKeyId=AKIAICNEWSPSEKTJ5M3Q&amp;Expires=1647806400&amp;Signature=0cm6kVUwMSnLt4C9sx4U5D8pdVg%3D\" data-srcset=\"https:\/\/img.yumpu.com\/66225579\/1\/716x1014\/bora-magazin-01-2022-deutsch.jpg?AWSAccessKeyId=AKIAICNEWSPSEKTJ5M3Q&amp;Expires=1647806400&amp;Signature=0cm6kVUwMSnLt4C9sx4U5D8pdVg%3D 2x\" data-alt=\"BORA Magazin 01|2022 \u2013 Deutsch\" \/><\/a><\/p>\r\n<p style=\"text-align: center; padding-left: 320px;\"><iframe title=\"YouTube video player\" src=\"https:\/\/www.youtube.com\/embed\/5WdfX7ivr08?si=ljbR1guclhzzdVpd\" width=\"560\" height=\"315\" frameborder=\"0\" allowfullscreen=\"allowfullscreen\"><\/iframe><\/p>\r\n<p style=\"text-align: center;\">\u00a0<\/p>\r\n<p><!--more--><\/p>\r\n<p>&nbsp;<\/p>\r\n<p>&nbsp;<\/p>\r\n<p style=\"text-align: center;\">1306 finalista<\/p>\r\n<p>&nbsp;<\/p>\r\n<p class=\"has-text-align-center\" style=\"text-align: center;\">PREMIO SAINT-GOBAIN CRISTALER\u00cdA \/ CITAV\u00a0 \u201cARQUITECTURA EN VIDRIO 2016\u201d<\/p>\r\n\r\n\r\n\r\n<div class=\"wp-block-image\">\r\n<figure class=\"aligncenter size-large\"><img loading=\"lazy\" decoding=\"async\" width=\"500\" height=\"200\" class=\"wp-image-10538 aligncenter\" src=\"https:\/\/jle.de\/wp-content\/uploads\/2020\/11\/Premios_Arq_en_Vidrio_2016-500x200-3.jpg\" alt=\"\" \/><\/figure>\r\n<p>&nbsp;<\/p>\r\n<\/div>\r\n<p style=\"text-align: center;\">publicaci\u00f3n del proyecto 1306<\/p>\r\n<p>&nbsp;<\/p>\r\n<p><a href=\"https:\/\/jle.de\/es\/architektur-mallorca-sa-torre\/\"><img loading=\"lazy\" decoding=\"async\" class=\" wp-image-5730 aligncenter\" src=\"https:\/\/jle.de\/wp-content\/uploads\/2012\/01\/1306-porcelanosa-945x431.jpg\" alt=\"\" width=\"550\" height=\"251\" \/><\/a><\/p>\r\n<p><a href=\"https:\/\/www.porcelanosa.com\/trendbook\/porcelanosa-grupo-projects-arquitectura-desmaterializada-krion-vivienda-mallorca\/\" target=\"_blank\" rel=\"noopener noreferrer\"><img loading=\"lazy\" decoding=\"async\" class=\"aligncenter wp-image-10595\" src=\"https:\/\/jle.de\/wp-content\/uploads\/2020\/12\/Porcelanosa-logo-945x482.jpg\" alt=\"\" width=\"261\" height=\"133\" srcset=\"https:\/\/jle.de\/wp-content\/uploads\/2020\/12\/Porcelanosa-logo-945x482.jpg 945w, https:\/\/jle.de\/wp-content\/uploads\/2020\/12\/Porcelanosa-logo-768x392.jpg 768w, https:\/\/jle.de\/wp-content\/uploads\/2020\/12\/Porcelanosa-logo.jpg 1500w\" sizes=\"(max-width: 261px) 100vw, 261px\" \/><\/a>\u00a0<a href=\"https:\/\/www.mutina.it\/en\/spaces\/1306\" target=\"_blank\" rel=\"noopener noreferrer\"><img loading=\"lazy\" decoding=\"async\" class=\"aligncenter wp-image-10560\" src=\"https:\/\/jle.de\/wp-content\/uploads\/2020\/11\/images.png\" alt=\"\" width=\"127\" height=\"127\" \/><\/a><a href=\"https:\/\/www.krion.com\/es\/noticias\/el-estudio-jle-le-otorga-la-importancia-al-contenido-utilizando-krion-y-vidrio-en-una-vivienda-de-mallorca\" target=\"_blank\" rel=\"noopener noreferrer\"><img loading=\"lazy\" decoding=\"async\" class=\"aligncenter wp-image-10600\" src=\"https:\/\/jle.de\/wp-content\/uploads\/2020\/12\/logo-krion.jpg\" alt=\"\" width=\"194\" height=\"129\" srcset=\"https:\/\/jle.de\/wp-content\/uploads\/2020\/12\/logo-krion.jpg 440w, https:\/\/jle.de\/wp-content\/uploads\/2020\/12\/logo-krion-300x200.jpg 300w\" sizes=\"(max-width: 194px) 100vw, 194px\" \/><\/a><\/p>\r\n<p><a href=\"https:\/\/trends.archiexpo.es\/krion-porcelanosa-grupo\/project-49659-251651.html\" target=\"_blank\" rel=\"noopener noreferrer\"><img loading=\"lazy\" decoding=\"async\" class=\"aligncenter wp-image-10570\" src=\"https:\/\/jle.de\/wp-content\/uploads\/2020\/11\/images.jpeg\" alt=\"\" width=\"137\" height=\"58\" \/><\/a><\/p>\r\n<p>&nbsp;<\/p>\r\n<p><!--more--><\/p>\r\n<p>&nbsp;<\/p>\r\n<p style=\"text-align: center;\">publicaci\u00f3n y prensa del proyecto 0812\u00a0<\/p>\r\n<p>&nbsp;<\/p>\r\n<p><a href=\"https:\/\/www.youtube.com\/watch?v=Vmda77FHiuE\" target=\"_blank\" rel=\"noopener\"><img loading=\"lazy\" decoding=\"async\" class=\"aligncenter wp-image-10680\" src=\"https:\/\/jle.de\/wp-content\/uploads\/2020\/12\/848879-945x532.jpeg\" alt=\"\" width=\"308\" height=\"173\" srcset=\"https:\/\/jle.de\/wp-content\/uploads\/2020\/12\/848879-945x532.jpeg 945w, https:\/\/jle.de\/wp-content\/uploads\/2020\/12\/848879-768x432.jpeg 768w, https:\/\/jle.de\/wp-content\/uploads\/2020\/12\/848879-1200x675-cropped.jpeg 1200w, https:\/\/jle.de\/wp-content\/uploads\/2020\/12\/848879.jpeg 1280w\" sizes=\"(max-width: 308px) 100vw, 308px\" \/><\/a><\/p>\r\n<p><a href=\"https:\/\/jle.de\/es\/arquitectura-mallorca-primera-linea\/\"><img loading=\"lazy\" decoding=\"async\" class=\" wp-image-10686 aligncenter\" src=\"https:\/\/jle.de\/wp-content\/uploads\/2020\/12\/giphy.gif\" alt=\"\" width=\"309\" height=\"174\" \/><\/a><\/p>\r\n<p><a href=\"https:\/\/gduran.com\/marketing\/\/Magazines-Duran\/ESPACIO-4.pdf\" target=\"_blank\" rel=\"noopener noreferrer\"><img loading=\"lazy\" decoding=\"async\" class=\"aligncenter wp-image-10578\" src=\"https:\/\/jle.de\/wp-content\/uploads\/2020\/11\/page_1-945x1337.jpg\" alt=\"\" width=\"234\" height=\"331\" srcset=\"https:\/\/jle.de\/wp-content\/uploads\/2020\/11\/page_1-945x1337.jpg 945w, https:\/\/jle.de\/wp-content\/uploads\/2020\/11\/page_1-768x1086.jpg 768w, https:\/\/jle.de\/wp-content\/uploads\/2020\/11\/page_1.jpg 1052w\" sizes=\"(max-width: 234px) 100vw, 234px\" \/><\/a><\/p>\r\n<p>&nbsp;<\/p>\r\n<p><a href=\"https:\/\/pdf.archiexpo.com\/pdf\/land-porcelanico\/projects-catalogue\/58031-301260.html\" target=\"_blank\" rel=\"noopener noreferrer\"><img loading=\"lazy\" decoding=\"async\" class=\"aligncenter wp-image-10570\" src=\"https:\/\/jle.de\/wp-content\/uploads\/2020\/11\/images.jpeg\" alt=\"\" width=\"137\" height=\"58\" \/><\/a><\/p>\r\n<p><a href=\"https:\/\/www.landporcelanico.com\/datos\/catalogos\/projects_2015.pdf\" target=\"_blank\" rel=\"noopener noreferrer\"><img loading=\"lazy\" decoding=\"async\" class=\"wp-image-10623 aligncenter\" src=\"https:\/\/jle.de\/wp-content\/uploads\/2020\/12\/163.jpg\" alt=\"\" width=\"125\" height=\"125\" \/><\/a><\/p>\r\n<p>&nbsp;<\/p>\r\n<p style=\"text-align: center;\">rolls royce \u00a0<a href=\"https:\/\/www.rolls-roycemotorcars.com\/en_GB\/showroom\/ghost.html\" target=\"_blank\" rel=\"noopener\">ghost II<\/a><\/p>\r\n<div class=\"rrmc-image-switch-wrapper-original\"><picture class=\"js-rrmc-image-switch-original-img rrmc-image-switch-original-picture\"><img loading=\"lazy\" decoding=\"async\" class=\"rrmc-image-switch-original-img aligncenter\" src=\"https:\/\/www.rolls-roycemotorcars.com\/content\/dam\/rrmc\/marketUK\/rollsroycemotorcars_com\/ghost-sII\/discover\/page-components\/D-SIDE-GSII-DISCOVER.jpg\/jcr:content\/renditions\/cq5dam.web.1920.webp\" alt=\"Hero image of the whole GSII side view sitting outside of a modern house with beautiful landscape. \" width=\"650\" height=\"433\" data-src=\"\/content\/dam\/rrmc\/marketUK\/rollsroycemotorcars_com\/ghost-sII\/discover\/page-components\/D-SIDE-GSII-DISCOVER.jpg\/jcr:content\/renditions\/cq5dam.web.1920.jpeg\" data-webp-src=\"\/content\/dam\/rrmc\/marketUK\/rollsroycemotorcars_com\/ghost-sII\/discover\/page-components\/D-SIDE-GSII-DISCOVER.jpg\/jcr:content\/renditions\/cq5dam.web.1920.webp\" \/><\/picture><\/div>\r\n<p>&nbsp;<\/p>\r\n<p>&nbsp;<\/p>\r\n<p><!--more--><\/p>\r\n<p>&nbsp;<\/p>\r\n<p style=\"text-align: center;\">publicaci\u00f3n del\u00a0proyecto 0203 \u00a00303 \u00a00510<\/p>\r\n<p>&nbsp;<\/p>\r\n<p style=\"text-align: center;\"><a href=\"https:\/\/jle.de\/es\/0203-0303-0510-cali-centro-de-eventos-valle-del-pacifico\/\"><img loading=\"lazy\" decoding=\"async\" class=\"aligncenter wp-image-10658\" src=\"https:\/\/jle.de\/wp-content\/uploads\/2020\/12\/home-cevp-945x532.jpg\" alt=\"\" width=\"504\" height=\"284\" srcset=\"https:\/\/jle.de\/wp-content\/uploads\/2020\/12\/home-cevp-945x532.jpg 945w, https:\/\/jle.de\/wp-content\/uploads\/2020\/12\/home-cevp-768x432.jpg 768w, https:\/\/jle.de\/wp-content\/uploads\/2020\/12\/home-cevp-1536x864.jpg 1536w, https:\/\/jle.de\/wp-content\/uploads\/2020\/12\/home-cevp.jpg 1920w\" sizes=\"(max-width: 504px) 100vw, 504px\" \/><\/a>\u00a0\u00a0\u00a0\u00a0\u00a0\u00a0\u00a0 <a href=\"https:\/\/valledelpacifico.co\" target=\"_blank\" rel=\"noopener noreferrer\"><img loading=\"lazy\" decoding=\"async\" class=\"aligncenter wp-image-3252\" src=\"https:\/\/jle.de\/wp-content\/uploads\/2012\/01\/home_02.jpg\" alt=\"jochen lendle cali colombia ccc\" width=\"177\" height=\"119\" \/><\/a><\/p>\r\n<p><a href=\"https:\/\/issuu.com\/camaracali\/docs\/0086_julio\/16\" target=\"_blank\" rel=\"noopener noreferrer\"><img loading=\"lazy\" decoding=\"async\" class=\"aligncenter wp-image-10611\" src=\"https:\/\/jle.de\/wp-content\/uploads\/2020\/12\/image.jpeg\" alt=\"https:\/\/issuu.com\/camaracali\/docs\/0086_julio\/16\" width=\"164\" height=\"211\" \/><\/a><\/p>\r\n<p><a href=\"https:\/\/www.portafolio.co\/economia\/finanzas\/valle-estrena-megacentro-eventos-llama-valle-pacifico-espacios-reservados-2010-sera-punto-clave-desarrollo-empresarial-pais-418888\" target=\"_blank\" rel=\"noopener noreferrer\"><img loading=\"lazy\" decoding=\"async\" class=\"aligncenter wp-image-10608\" src=\"https:\/\/jle.de\/wp-content\/uploads\/2020\/12\/LOGO-PORTAFOLIO-REDISENO-945x194.png\" alt=\"\" width=\"229\" height=\"47\" srcset=\"https:\/\/jle.de\/wp-content\/uploads\/2020\/12\/LOGO-PORTAFOLIO-REDISENO-945x194.png 945w, https:\/\/jle.de\/wp-content\/uploads\/2020\/12\/LOGO-PORTAFOLIO-REDISENO-768x157.png 768w, https:\/\/jle.de\/wp-content\/uploads\/2020\/12\/LOGO-PORTAFOLIO-REDISENO.png 1000w\" sizes=\"(max-width: 229px) 100vw, 229px\" \/><\/a><\/p>\r\n<p><a href=\"https:\/\/www.eltiempo.com\/archivo\/documento\/CMS-3799807\" target=\"_blank\" rel=\"noopener noreferrer\"><img loading=\"lazy\" decoding=\"async\" class=\"aligncenter wp-image-10614\" src=\"https:\/\/jle.de\/wp-content\/uploads\/2020\/12\/ELTIEMPO-Azul-1024x254-1-945x234.png\" alt=\"\" width=\"221\" height=\"55\" srcset=\"https:\/\/jle.de\/wp-content\/uploads\/2020\/12\/ELTIEMPO-Azul-1024x254-1-945x234.png 945w, https:\/\/jle.de\/wp-content\/uploads\/2020\/12\/ELTIEMPO-Azul-1024x254-1-768x191.png 768w, https:\/\/jle.de\/wp-content\/uploads\/2020\/12\/ELTIEMPO-Azul-1024x254-1.png 1024w\" sizes=\"(max-width: 221px) 100vw, 221px\" \/><\/a><\/p>\r\n\r\n<p><!--more--><\/p>\r\n<p data-start=\"110\" data-end=\"456\">\u00a0<\/p>\r\n<p style=\"text-align: center;\" data-start=\"110\" data-end=\"456\">nuestro prop\u00f3sito es crear una arquitectura individual y narrativa, marcada por cada lugar, que genere un v\u00ednculo emocional al traducir la historia y los requisitos del promotor en una respuesta espacial. as\u00ed surgen piezas arquitect\u00f3nicas \u00fanicas, dotadas de sentido, capaces de construir identidad, generar valor y ser reconocibles, en el contexto del genius loci<\/p>\r\n<p class=\"\" style=\"text-align: center;\" data-start=\"110\" data-end=\"456\">Espacios con car\u00e1cter. Arquitectura con ra\u00edces.<br data-start=\"161\" data-end=\"164\" \/>La arquitectura residencial exclusiva no comienza con las formas, sino con una actitud. En jle no dise\u00f1amos simplemente casas, sino respuestas precisas a lugares especiales. Nuestros proyectos surgen del <em data-start=\"368\" data-end=\"381\">genius loci<\/em> \u2014del contexto cultural, paisaj\u00edstico y emocional que habita en cada lugar.<\/p>\r\n<p class=\"\" style=\"text-align: center;\" data-start=\"458\" data-end=\"819\">Arquitectura como expresi\u00f3n de un estilo de vida individual<br data-start=\"521\" data-end=\"524\" \/>Nuestros clientes no buscan soluciones est\u00e1ndar, sino una declaraci\u00f3n arquitect\u00f3nica. Creamos espacios vitales a medida, donde la elegancia, la claridad y la calidad artesanal se unen en armon\u00eda. Cada dise\u00f1o combina sofisticaci\u00f3n funcional con profundidad est\u00e9tica \u2014discreto, duradero, meditado.<\/p>\r\n<p class=\"\" style=\"text-align: center;\" data-start=\"823\" data-end=\"876\">Propiedades en di\u00e1logo con el paisaje y la historia<\/p>\r\n<p class=\"\" style=\"text-align: center;\" data-start=\"879\" data-end=\"946\">Materiales de alta calidad \u2013 sensoriales y elegidos para perdurar<\/p>\r\n<p class=\"\" style=\"text-align: center;\" data-start=\"879\" data-end=\"946\">Conceptos espaciales guiados por la luz, la amplitud y la proporci\u00f3n<\/p>\r\n<p class=\"\" style=\"text-align: center;\" data-start=\"1021\" data-end=\"1365\">El lugar como punto de partida<br data-start=\"1055\" data-end=\"1058\" \/>Creemos en una arquitectura que no pasa por alto el lugar, sino que lo interpreta. Nuestros dise\u00f1os responden a la topograf\u00eda, la luz, la cultura y el clima \u2014y a partir de ello desarrollan una narrativa espacial con un anclaje perceptible. As\u00ed surgen espacios habitables con alma, sustancia y atemporalidad.<\/p>\r\n<p class=\"\" style=\"text-align: center;\" data-start=\"1367\" data-end=\"1627\">Discreci\u00f3n. Confianza. Excelencia.<br data-start=\"1405\" data-end=\"1408\" \/>Nuestros clientes valoran no solo el resultado, sino tambi\u00e9n el camino: transparente, profesional y confidencial. Acompa\u00f1amos personalmente cada fase con el mayor cuidado, desde la primera visi\u00f3n hasta la entrega final.<\/p>\r\n<p class=\"\" style=\"text-align: center;\" data-start=\"1629\" data-end=\"1878\">Arquitectura que perdura<br data-start=\"1657\" data-end=\"1660\" \/>No dise\u00f1amos para el momento, sino para las generaciones. Si busca un socio arquitect\u00f3nico que entienda sus valores, dise\u00f1e con dignidad y ejecute con coherencia, estaremos encantados de tener una primera conversaci\u00f3n.<\/p>\r\n","protected":false},"excerpt":{"rendered":"<p>prensa &#8211; publicaciones &amp; art\u00edculos referencias sobre nuestra arquitectura &#8211; jle arquitectos &nbsp; &nbsp; proyecto 1710 nominado a los premio Building of the year 2024 by ArchDaily en la categor\u00eda vivienda unifamiliar &nbsp; &nbsp; nominees &#8211; nomierungen &#8211; nominados 2024 &nbsp; &nbsp; &nbsp; articulo en el per\u00edodico Diario de Mallorca sobre la nominaci\u00f3n &nbsp; &nbsp; [&hellip;]<\/p>\n","protected":false},"author":3,"featured_media":15445,"parent":740,"menu_order":32,"comment_status":"closed","ping_status":"closed","template":"","meta":{"footnotes":""},"class_list":["post-1673","page","type-page","status-publish","has-post-thumbnail","hentry"],"_links":{"self":[{"href":"https:\/\/jle.de\/es\/wp-json\/wp\/v2\/pages\/1673","targetHints":{"allow":["GET"]}}],"collection":[{"href":"https:\/\/jle.de\/es\/wp-json\/wp\/v2\/pages"}],"about":[{"href":"https:\/\/jle.de\/es\/wp-json\/wp\/v2\/types\/page"}],"author":[{"embeddable":true,"href":"https:\/\/jle.de\/es\/wp-json\/wp\/v2\/users\/3"}],"replies":[{"embeddable":true,"href":"https:\/\/jle.de\/es\/wp-json\/wp\/v2\/comments?post=1673"}],"version-history":[{"count":38,"href":"https:\/\/jle.de\/es\/wp-json\/wp\/v2\/pages\/1673\/revisions"}],"predecessor-version":[{"id":34940,"href":"https:\/\/jle.de\/es\/wp-json\/wp\/v2\/pages\/1673\/revisions\/34940"}],"up":[{"embeddable":true,"href":"https:\/\/jle.de\/es\/wp-json\/wp\/v2\/pages\/740"}],"wp:featuredmedia":[{"embeddable":true,"href":"https:\/\/jle.de\/es\/wp-json\/wp\/v2\/media\/15445"}],"wp:attachment":[{"href":"https:\/\/jle.de\/es\/wp-json\/wp\/v2\/media?parent=1673"}],"curies":[{"name":"wp","href":"https:\/\/api.w.org\/{rel}","templated":true}]}}