{"id":738,"date":"2012-02-07T23:59:53","date_gmt":"2012-02-07T23:59:53","guid":{"rendered":"http:\/\/www.jle.de\/?page_id=738"},"modified":"2026-03-03T11:14:51","modified_gmt":"2026-03-03T10:14:51","slug":"studio-team-majorca","status":"publish","type":"page","link":"https:\/\/jle.de\/en\/studio-team-majorca\/","title":{"rendered":"STUDIO"},"content":{"rendered":"<p><strong>jle<\/strong> is a nationally and internationally interdisciplinary active, <a href=\"https:\/\/jle.de\/en\/studio-team-majorca\/press\/\">award-winning architectural studio<\/a> for planning and design in urban and non-urban areas <a href=\"https:\/\/en.wikipedia.org\/wiki\/Mallorca\" target=\"_blank\" rel=\"noopener\">based in mallorca<\/a>.<\/p>\n<p>Founded in 1999 by Jochen Lendle, the focus of our activities since then has been <a href=\"https:\/\/jle.de\/en\/map\/\">island-wide<\/a> private residential construction, such as high-quality luxury properties, residences, mansions and country houses (fincas), as well as renovations and restorations in the higher segment. the area of responsibility ranges from the newly built villa in the first coast line to the general renovation of listed objects.\u00a0our work is published in trade journals and can be found in the media of well-known manufacturers.<\/p>\n<p>our aim is to create <strong data-start=\"21\" data-end=\"59\">individual, narrative architecture<\/strong> shaped by each place\u2014architecture that forges an emotional connection by translating the client\u2019s story and requirements into a spatial response. in this way, meaningful, identity-forming, value-creating, and recognizable <strong>architectural uniques<\/strong> emerge\u2014both from observational-analytical processes and from serendipity\u2014within the context of the <em data-start=\"468\" data-end=\"481\">genius loci<\/em>.<\/p>\n<p>in addition, we are specialized in the area of assembly venue regulations. that&#8217;s why we also work as planners, developers and consultants for event centers, hotels and cultural projects.<\/p>\n<p>&nbsp;<\/p>\n<h2>studio team<\/h2>\n<p>&nbsp;<\/p>\n<p><a href=\"https:\/\/jle.de\/wp-content\/uploads\/2012\/02\/IMG_3595.jpg\"><img decoding=\"async\" class=\"alignnone wp-image-11922\" src=\"https:\/\/jle.de\/wp-content\/uploads\/2021\/04\/jle-375x550.png\" alt=\"Jochen Lendle\" width=\"150\" height=\"220\" srcset=\"https:\/\/jle.de\/wp-content\/uploads\/2021\/04\/jle-375x550.png 375w, https:\/\/jle.de\/wp-content\/uploads\/2021\/04\/jle-368x540.png 368w, https:\/\/jle.de\/wp-content\/uploads\/2021\/04\/jle.png 400w\" sizes=\"(max-width: 150px) 100vw, 150px\" \/><\/a><\/p>\n<h3>jochen lendle, ceo owner, architect majorca<\/h3>\n<p>&#x25aa; member of architectural association of the balearic islands, spain (coaib) since 2001, n\u00bacoaib 399205<\/p>\n<p>&#x25aa; member of architectural association of the balearic islands, spain (coaib) as company Ltd. , since 2009, n\u00bacoaib 950821<br \/>\n&#x25aa;\u00a0architectural association of rhineland-palatinate, germany (akrp) since 1999<br \/>\n&#x25aa;\u00a0german federation of master builder (bdb) since 1994<\/p>\n<p>working experience \u00a0in several architecture estudios in germany, \u00a0like in saarbr\u00fccken, essen, kaiserslautern, heidelberg, ravensburg and in spain, like barcelona, palma de mallorca<\/p>\n<p>studies<\/p>\n<p>&#x25aa; fh kaiserslautern, kammgarn<br \/>\n&#x25aa; upc &#8211; universidad polit\u00e9cnica catalunya, etsab &#8211; escuela t\u00e9cnica superior de arquitectura barcelona<\/p>\n<p>&nbsp;<\/p>\n<p><img fetchpriority=\"high\" decoding=\"async\" class=\"alignnone wp-image-31035\" src=\"https:\/\/jle.de\/wp-content\/uploads\/2025\/03\/Marta-M-412x550.jpeg\" alt=\"\" width=\"208\" height=\"278\" data-wp-pid=\"31035\" srcset=\"https:\/\/jle.de\/wp-content\/uploads\/2025\/03\/Marta-M-412x550.jpeg 412w, https:\/\/jle.de\/wp-content\/uploads\/2025\/03\/Marta-M-404x540.jpeg 404w, https:\/\/jle.de\/wp-content\/uploads\/2025\/03\/Marta-M.jpeg 479w\" sizes=\"(max-width: 208px) 100vw, 208px\" \/><\/p>\n<h3>marta mochniak, architect<\/h3>\n<p>&#x25aa; university of science and technology wroclaw,<br \/>\n&#x25aa; university of alicante<br \/>\n&#x25aa; university of las palmas<\/p>\n<p>many years of experience in various architectural studios palma de mallorca, studies in architecture<\/p>\n<p>&nbsp;<\/p>\n<p><img decoding=\"async\" class=\"alignnone wp-image-28582\" src=\"https:\/\/jle.de\/wp-content\/uploads\/2024\/10\/image-550x550.jpeg\" alt=\"\" width=\"203\" height=\"203\" data-wp-pid=\"28582\" srcset=\"https:\/\/jle.de\/wp-content\/uploads\/2024\/10\/image-550x550.jpeg 550w, https:\/\/jle.de\/wp-content\/uploads\/2024\/10\/image-540x540.jpeg 540w, https:\/\/jle.de\/wp-content\/uploads\/2024\/10\/image.jpeg 735w\" sizes=\"(max-width: 203px) 100vw, 203px\" \/><\/p>\n<h3>carlos paniagua palmero, architect<\/h3>\n<p>&#x25aa; university of Las Palmas de Gran Canaria<br \/>\n&#x25aa; university of Granada<br \/>\n&#x25aa; universit\u00e1 degli Studi di Brescia<\/p>\n<p>many years of experience in architectural and engineering firms in spain and ireland. experience in BIM projects, prefabricated modular architecture and MMCs.<\/p>\n<p>&nbsp;<\/p>\n<h3>marta plaga, architektin<\/h3>\n<p>&#x25aa; university of technology west pomeranian<br \/>\n&#x25aa; university of weimar bauhaus<\/p>\n<p>many years of experience in various architectural studios in germany, poland and chile, palma de mallorca, studies in architecture<\/p>\n<div class=\"page\" title=\"Page 1\">\n<div class=\"layoutArea\">\n<div class=\"column\">\n<div class=\"page\" title=\"Page 1\">\n<div class=\"layoutArea\">\n<div class=\"column\">\n<div class=\"page\" title=\"Page 1\">\n<div class=\"layoutArea\">\n<p>&nbsp;<\/p>\n<\/div>\n<\/div>\n<\/div>\n<\/div>\n<\/div>\n<\/div>\n<\/div>\n<\/div>\n<h3>eduardo orell s\u00e1nchez, technical architect, site architect, site manager, construction supervisor<\/h3>\n<p>&#x25aa; member\u00a0of col.legi d&#8217;aparelladors i arquitectes t\u00e9cnics d&#8217;illes balears, coaat<br \/>\n&#x25aa; uib, universidad de arquitectura t\u00e9cnica mallorca, ies<\/p>\n<p>longtime working experience in public institutionen, construction supervisor, cost controling and public authorities , palma de mallorca\u00a0studies<\/p>\n<p>&nbsp;<\/p>\n<p>our strength is &#8211; everything in the house and from a single source &#8211; the interdisciplinary networking . we dispose &#8211; depending on demand and on projects &#8211; of a wide local and international network consisting of several independent technical architects ( aparejador ) , interior designers , bearing construction engineers , structural engineers , surveyors , surveyors , engineers for climate , heating, electrical , ventilation , alarm- , network , photovoltaic and solar technology , lighting designer, lighting planners , building biologists , as well as solutions for all economical needs to optimize and warranty of sustainability and value creation .<\/p>\n<div>our business service is &#8220;to go the extra mile &#8221; . because our clientele , as well as foreign investors usually can not be on the spot , we see it as a special challenge , our activity is an important foundation through effective project control with project preparation , as well as project care and projectmangement , a holistic service offering , via the general tasks of classical architecture goes .<\/div>\n<p>&nbsp;<\/p>\n<p>STORY<\/p>\n<p>&nbsp;<\/p>\n<p>since 2023<br \/>\nReinforcement of the architectural team by the architect Carlos Paniagua Palmero, spanish with international experience.<\/p>\n<p>since 2022<br \/>\nReinforcement of the architectural team by the architect Marta Plaga, Polish with international experience.<\/p>\n<p>since 2020<br \/>\nThe architect team has been strengthened by the architect Marta Mochniak, Polish with international experience.<\/p>\n<p>since 2018<br \/>\nreinforcement of the team of architects by the architect mark\u00e9ta \u0161l\u00e9zarov\u00e1, czech with international experience.<\/p>\n<p>since 2017<br \/>\nReinforcement of the team of architects by the architect toni clar, malloquin.<\/p>\n<p>since 2016<br \/>\nreinforcement of the team of architects by draftsman miquel toni nicolau, malloquin.<\/p>\n<p>since 2016<br \/>\nReinforcement of the architectural team by the technical architect eduardo orell s\u00e1nchez, majorcan with international experience, spanish studies<\/p>\n<p>since 2009<br \/>\nentry in the spanish commercial register as lendle tellez slp, srl, jle-arquitectos.<\/p>\n<p>since 2004<br \/>\narchitectural concept and consultant for the cali chamber of commerce and industry in colombia for the realization of the &#8220;centro de eventos de valle del pacfico&#8221; congress center. currently also for the city theater of cali.<\/p>\n<p>since 2002<br \/>\nresidential, cultural, educational, commercial and industrial developments in spain, balearic islands, germany and colombia<\/p>\n<p>since 2001<br \/>\nFounding of the office jochen lendle<br \/>\nFreelance architect in the <a href=\"https:\/\/www.coaib.org\/es.aspx\" target=\"_blank\" rel=\"noopener\">Balearic Chamber of Architects<\/a> with all approvals and submission authorizations throughout Spain<\/p>\n<p>since 1999<br \/>\nFreelance architect in the <a href=\"http:\/\/www.diearchitekten.org\/\" target=\"_blank\" rel=\"noopener\">Rhineland-Palatinate Chamber of Architects<\/a> with all approvals and submission authorizations<br \/>\nmember of the <a href=\"http:\/\/www.baumeister-online.de\/\" target=\"_blank\" rel=\"noopener\">federation of german master builders<\/a><\/p>\n<p>&nbsp;<\/p>\n<p>PHILOSOPHY<\/p>\n<p>buying a property is relatively easy; planning them to meet the respective requirements, needs and their &#8220;genius loci&#8221; is the result of fruitful cooperation between the client and their architects.<br \/>\nevery building project is different, every customer sets different priorities. in order to do justice to this comprehensively, we look after our customers individually right from the start.<\/p>\n","protected":false},"excerpt":{"rendered":"<p>jle is a nationally and internationally interdisciplinary active, award-winning architectural studio for planning and design in urban and non-urban areas based in mallorca. Founded in 1999 by Jochen Lendle, the focus of our activities since then has been island-wide private residential construction, such as high-quality luxury properties, residences, mansions and country houses (fincas), as well [&hellip;]<\/p>\n","protected":false},"author":3,"featured_media":15444,"parent":0,"menu_order":2,"comment_status":"closed","ping_status":"closed","template":"","meta":{"footnotes":""},"class_list":["post-738","page","type-page","status-publish","has-post-thumbnail","hentry"],"_links":{"self":[{"href":"https:\/\/jle.de\/en\/wp-json\/wp\/v2\/pages\/738","targetHints":{"allow":["GET"]}}],"collection":[{"href":"https:\/\/jle.de\/en\/wp-json\/wp\/v2\/pages"}],"about":[{"href":"https:\/\/jle.de\/en\/wp-json\/wp\/v2\/types\/page"}],"author":[{"embeddable":true,"href":"https:\/\/jle.de\/en\/wp-json\/wp\/v2\/users\/3"}],"replies":[{"embeddable":true,"href":"https:\/\/jle.de\/en\/wp-json\/wp\/v2\/comments?post=738"}],"version-history":[{"count":30,"href":"https:\/\/jle.de\/en\/wp-json\/wp\/v2\/pages\/738\/revisions"}],"predecessor-version":[{"id":34730,"href":"https:\/\/jle.de\/en\/wp-json\/wp\/v2\/pages\/738\/revisions\/34730"}],"wp:featuredmedia":[{"embeddable":true,"href":"https:\/\/jle.de\/en\/wp-json\/wp\/v2\/media\/15444"}],"wp:attachment":[{"href":"https:\/\/jle.de\/en\/wp-json\/wp\/v2\/media?parent=738"}],"curies":[{"name":"wp","href":"https:\/\/api.w.org\/{rel}","templated":true}]}}